{"id":4283,"date":"2026-05-11T00:40:19","date_gmt":"2026-05-10T22:40:19","guid":{"rendered":"https:\/\/www.russiansagainstthewar.se\/?page_id=4283"},"modified":"2026-05-11T00:43:13","modified_gmt":"2026-05-10T22:43:13","slug":"kulturkrock","status":"publish","type":"page","link":"https:\/\/www.russiansagainstthewar.se\/sv\/kulturkrock\/","title":{"rendered":"Kulturkrock"},"content":{"rendered":"<p>Trots sin v\u00e4stfientliga retorik l\u00e4mnar Kreml inte f\u00f6rs\u00f6ken att bryta isoleringen mot omv\u00e4rlden \u2014 inte bara med politiska och ekonomiska medel utan ocks\u00e5 under t\u00e4ckmantel av kulturellt utbyte.<\/p>\n\n\n\n<div class=\"wp-block-columns is-layout-flex wp-container-core-columns-is-layout-9d6595d7 wp-block-columns-is-layout-flex\">\n<div class=\"wp-block-column is-layout-flow wp-block-column-is-layout-flow\" style=\"flex-basis:50%\">\n<figure class=\"wp-block-image size-full\"><img loading=\"lazy\" decoding=\"async\" width=\"263\" height=\"221\" src=\"https:\/\/www.russiansagainstthewar.se\/wp-content\/uploads\/2026\/05\/image10.png\" alt=\"\" class=\"wp-image-4284\" srcset=\"https:\/\/www.russiansagainstthewar.se\/wp-content\/uploads\/2026\/05\/image10.png 263w, https:\/\/www.russiansagainstthewar.se\/wp-content\/uploads\/2026\/05\/image10-14x12.png 14w, https:\/\/www.russiansagainstthewar.se\/wp-content\/uploads\/2026\/05\/image10-107x90.png 107w\" sizes=\"auto, (max-width: 263px) 100vw, 263px\" \/><\/figure>\n<\/div>\n\n\n\n<div class=\"wp-block-column is-layout-flow wp-block-column-is-layout-flow\" style=\"flex-basis:70%\">\n<p>Representanter f\u00f6r ryska staten l\u00e4gger ner mycket m\u00f6da p\u00e5 att skaffa tilltr\u00e4de till de europeiska scenerna f\u00f6r ryska kulturut\u00f6vare som \u00f6ppet st\u00f6djer kriget i Ukraina. De arbetar \u00e4ven ih\u00e4rdigt f\u00f6r att \u00e5ter \u00f6ppna den ryska paviljongen p\u00e5 Venedigbiennalen. Dessa f\u00f6rs\u00f6k har hittills haft begr\u00e4nsad framg\u00e5ng men de kommer att forts\u00e4tta.<\/p>\n<\/div>\n<\/div>\n\n\n\n<div class=\"wp-block-columns is-layout-flex wp-container-core-columns-is-layout-9d6595d7 wp-block-columns-is-layout-flex\">\n<div class=\"wp-block-column is-layout-flow wp-block-column-is-layout-flow\" style=\"flex-basis:70%\">\n<p>Samtidigt som de beklagar \"nedl\u00e4ggning av rysk kultur\", trakasserar och f\u00f6rf\u00f6ljer Putins regim alla konstn\u00e4rer som har visat motst\u00e5nd mot kriget, vare sig direkt via sin konst eller p\u00e5 n\u00e5got annat s\u00e4tt. Sedan b\u00f6rjan av den fullskaliga invasionen har hundratals konstn\u00e4rer f\u00f6rlorat m\u00f6jligheten att arbeta, varit tvungna att l\u00e4mna landet, eller varit utsatta f\u00f6r r\u00e4ttsvidrig f\u00f6rf\u00f6ljelse.<\/p>\n<\/div>\n\n\n\n<div class=\"wp-block-column is-layout-flow wp-block-column-is-layout-flow\" style=\"flex-basis:50%\">\n<figure class=\"wp-block-image size-full\"><img loading=\"lazy\" decoding=\"async\" width=\"232\" height=\"251\" src=\"https:\/\/www.russiansagainstthewar.se\/wp-content\/uploads\/2026\/05\/image4.png\" alt=\"\" class=\"wp-image-4285\" srcset=\"https:\/\/www.russiansagainstthewar.se\/wp-content\/uploads\/2026\/05\/image4.png 232w, https:\/\/www.russiansagainstthewar.se\/wp-content\/uploads\/2026\/05\/image4-11x12.png 11w, https:\/\/www.russiansagainstthewar.se\/wp-content\/uploads\/2026\/05\/image4-83x90.png 83w\" sizes=\"auto, (max-width: 232px) 100vw, 232px\" \/><\/figure>\n<\/div>\n<\/div>\n\n\n\n<div class=\"wp-block-columns is-layout-flex wp-container-core-columns-is-layout-9d6595d7 wp-block-columns-is-layout-flex\">\n<div class=\"wp-block-column is-layout-flow wp-block-column-is-layout-flow\" style=\"flex-basis:50%\">\n<figure class=\"wp-block-image size-full\"><img loading=\"lazy\" decoding=\"async\" width=\"232\" height=\"196\" src=\"https:\/\/www.russiansagainstthewar.se\/wp-content\/uploads\/2026\/05\/image1.png\" alt=\"\" class=\"wp-image-4286\" srcset=\"https:\/\/www.russiansagainstthewar.se\/wp-content\/uploads\/2026\/05\/image1.png 232w, https:\/\/www.russiansagainstthewar.se\/wp-content\/uploads\/2026\/05\/image1-14x12.png 14w, https:\/\/www.russiansagainstthewar.se\/wp-content\/uploads\/2026\/05\/image1-107x90.png 107w\" sizes=\"auto, (max-width: 232px) 100vw, 232px\" \/><\/figure>\n<\/div>\n\n\n\n<div class=\"wp-block-column is-layout-flow wp-block-column-is-layout-flow\" style=\"flex-basis:70%\">\n<p>Denna installation representerar en bomb ikl\u00e4dd kokoshnik. Kokoshnik \u00e4r en kvinnlig huvudbonad som h\u00e4r symboliserar den ryska kulturen i tv\u00e5 roller samtidigt: som ett verktyg f\u00f6r regimen men \u00e4ven som n\u00e5got som f\u00f6rst\u00f6rs av densamma. Putins regim utnyttjar rysk kultur, sport och historia i sitt hybridkrig. Vi s\u00f6rjer att de vanhedras och vi vet att de ansvariga sitter i Kreml och p\u00e5 andra sidan detta staket.<\/p>\n<\/div>\n<\/div>\n\n\n\n<div class=\"wp-block-columns is-layout-flex wp-container-core-columns-is-layout-9d6595d7 wp-block-columns-is-layout-flex\">\n<div class=\"wp-block-column is-layout-flow wp-block-column-is-layout-flow\" style=\"flex-basis:70%\">\n<p>Vi vill ocks\u00e5 p\u00e5minna er om att medan ni l\u00e4ser detta, vid sidan av v\u00e5rt metaforiska uttalande, faller hundratals mycket verkliga bomber (som ser ut ungef\u00e4r som den h\u00e4r) \u00f6ver ukrainska st\u00e4der varje dag.<\/p>\n<\/div>\n\n\n\n<div class=\"wp-block-column is-layout-flow wp-block-column-is-layout-flow\" style=\"flex-basis:50%\">\n<figure class=\"wp-block-image size-full\"><img loading=\"lazy\" decoding=\"async\" width=\"232\" height=\"209\" src=\"https:\/\/www.russiansagainstthewar.se\/wp-content\/uploads\/2026\/05\/image5.png\" alt=\"\" class=\"wp-image-4287\" srcset=\"https:\/\/www.russiansagainstthewar.se\/wp-content\/uploads\/2026\/05\/image5.png 232w, https:\/\/www.russiansagainstthewar.se\/wp-content\/uploads\/2026\/05\/image5-13x12.png 13w, https:\/\/www.russiansagainstthewar.se\/wp-content\/uploads\/2026\/05\/image5-100x90.png 100w\" sizes=\"auto, (max-width: 232px) 100vw, 232px\" \/><\/figure>\n<\/div>\n<\/div>\n\n\n\n<hr class=\"wp-block-separator has-alpha-channel-opacity\"\/>\n\n\n\n<figure class=\"wp-block-video\"><video controls src=\"https:\/\/www.russiansagainstthewar.se\/wp-content\/uploads\/2026\/05\/speech.mp4\"><\/video><\/figure>\n\n\n\n<hr class=\"wp-block-separator has-alpha-channel-opacity\"\/>\n\n\n\n<figure class=\"wp-block-gallery has-nested-images columns-default is-cropped wp-block-gallery-1 is-layout-flex wp-block-gallery-is-layout-flex\">\n<figure class=\"wp-block-image size-large\"><img loading=\"lazy\" decoding=\"async\" width=\"1024\" height=\"682\" data-id=\"4288\" src=\"https:\/\/www.russiansagainstthewar.se\/wp-content\/uploads\/2026\/05\/5188242149529556182-1024x682.jpg\" alt=\"\" class=\"wp-image-4288\" srcset=\"https:\/\/www.russiansagainstthewar.se\/wp-content\/uploads\/2026\/05\/5188242149529556182-1024x682.jpg 1024w, https:\/\/www.russiansagainstthewar.se\/wp-content\/uploads\/2026\/05\/5188242149529556182-300x200.jpg 300w, https:\/\/www.russiansagainstthewar.se\/wp-content\/uploads\/2026\/05\/5188242149529556182-768x512.jpg 768w, https:\/\/www.russiansagainstthewar.se\/wp-content\/uploads\/2026\/05\/5188242149529556182-18x12.jpg 18w, https:\/\/www.russiansagainstthewar.se\/wp-content\/uploads\/2026\/05\/5188242149529556182-645x430.jpg 645w, https:\/\/www.russiansagainstthewar.se\/wp-content\/uploads\/2026\/05\/5188242149529556182-360x240.jpg 360w, https:\/\/www.russiansagainstthewar.se\/wp-content\/uploads\/2026\/05\/5188242149529556182-135x90.jpg 135w, https:\/\/www.russiansagainstthewar.se\/wp-content\/uploads\/2026\/05\/5188242149529556182.jpg 1280w\" sizes=\"auto, (max-width: 1024px) 100vw, 1024px\" \/><\/figure>\n\n\n\n<figure class=\"wp-block-image size-large\"><img loading=\"lazy\" decoding=\"async\" width=\"1024\" height=\"682\" data-id=\"4289\" src=\"https:\/\/www.russiansagainstthewar.se\/wp-content\/uploads\/2026\/05\/5188242149529556183-1024x682.jpg\" alt=\"\" class=\"wp-image-4289\" srcset=\"https:\/\/www.russiansagainstthewar.se\/wp-content\/uploads\/2026\/05\/5188242149529556183-1024x682.jpg 1024w, https:\/\/www.russiansagainstthewar.se\/wp-content\/uploads\/2026\/05\/5188242149529556183-300x200.jpg 300w, https:\/\/www.russiansagainstthewar.se\/wp-content\/uploads\/2026\/05\/5188242149529556183-768x512.jpg 768w, https:\/\/www.russiansagainstthewar.se\/wp-content\/uploads\/2026\/05\/5188242149529556183-18x12.jpg 18w, https:\/\/www.russiansagainstthewar.se\/wp-content\/uploads\/2026\/05\/5188242149529556183-645x430.jpg 645w, https:\/\/www.russiansagainstthewar.se\/wp-content\/uploads\/2026\/05\/5188242149529556183-360x240.jpg 360w, https:\/\/www.russiansagainstthewar.se\/wp-content\/uploads\/2026\/05\/5188242149529556183-135x90.jpg 135w, https:\/\/www.russiansagainstthewar.se\/wp-content\/uploads\/2026\/05\/5188242149529556183.jpg 1280w\" sizes=\"auto, (max-width: 1024px) 100vw, 1024px\" \/><\/figure>\n\n\n\n<figure class=\"wp-block-image size-large\"><img loading=\"lazy\" decoding=\"async\" width=\"1024\" height=\"682\" data-id=\"4290\" src=\"https:\/\/www.russiansagainstthewar.se\/wp-content\/uploads\/2026\/05\/5188242149529556184-1024x682.jpg\" alt=\"\" class=\"wp-image-4290\" srcset=\"https:\/\/www.russiansagainstthewar.se\/wp-content\/uploads\/2026\/05\/5188242149529556184-1024x682.jpg 1024w, https:\/\/www.russiansagainstthewar.se\/wp-content\/uploads\/2026\/05\/5188242149529556184-300x200.jpg 300w, https:\/\/www.russiansagainstthewar.se\/wp-content\/uploads\/2026\/05\/5188242149529556184-768x512.jpg 768w, https:\/\/www.russiansagainstthewar.se\/wp-content\/uploads\/2026\/05\/5188242149529556184-18x12.jpg 18w, https:\/\/www.russiansagainstthewar.se\/wp-content\/uploads\/2026\/05\/5188242149529556184-645x430.jpg 645w, https:\/\/www.russiansagainstthewar.se\/wp-content\/uploads\/2026\/05\/5188242149529556184-360x240.jpg 360w, https:\/\/www.russiansagainstthewar.se\/wp-content\/uploads\/2026\/05\/5188242149529556184-135x90.jpg 135w, https:\/\/www.russiansagainstthewar.se\/wp-content\/uploads\/2026\/05\/5188242149529556184.jpg 1280w\" sizes=\"auto, (max-width: 1024px) 100vw, 1024px\" \/><\/figure>\n\n\n\n<figure class=\"wp-block-image size-large\"><img loading=\"lazy\" decoding=\"async\" width=\"1024\" height=\"768\" data-id=\"4291\" src=\"https:\/\/www.russiansagainstthewar.se\/wp-content\/uploads\/2026\/05\/5188242149529556185-1024x768.jpg\" alt=\"\" class=\"wp-image-4291\" srcset=\"https:\/\/www.russiansagainstthewar.se\/wp-content\/uploads\/2026\/05\/5188242149529556185-1024x768.jpg 1024w, https:\/\/www.russiansagainstthewar.se\/wp-content\/uploads\/2026\/05\/5188242149529556185-300x225.jpg 300w, https:\/\/www.russiansagainstthewar.se\/wp-content\/uploads\/2026\/05\/5188242149529556185-768x576.jpg 768w, https:\/\/www.russiansagainstthewar.se\/wp-content\/uploads\/2026\/05\/5188242149529556185-16x12.jpg 16w, https:\/\/www.russiansagainstthewar.se\/wp-content\/uploads\/2026\/05\/5188242149529556185-573x430.jpg 573w, https:\/\/www.russiansagainstthewar.se\/wp-content\/uploads\/2026\/05\/5188242149529556185-340x255.jpg 340w, https:\/\/www.russiansagainstthewar.se\/wp-content\/uploads\/2026\/05\/5188242149529556185-120x90.jpg 120w, https:\/\/www.russiansagainstthewar.se\/wp-content\/uploads\/2026\/05\/5188242149529556185.jpg 1280w\" sizes=\"auto, (max-width: 1024px) 100vw, 1024px\" \/><\/figure>\n\n\n\n<figure class=\"wp-block-image size-large\"><img loading=\"lazy\" decoding=\"async\" width=\"1024\" height=\"682\" data-id=\"4292\" src=\"https:\/\/www.russiansagainstthewar.se\/wp-content\/uploads\/2026\/05\/5188242149529556186-1024x682.jpg\" alt=\"\" class=\"wp-image-4292\" srcset=\"https:\/\/www.russiansagainstthewar.se\/wp-content\/uploads\/2026\/05\/5188242149529556186-1024x682.jpg 1024w, https:\/\/www.russiansagainstthewar.se\/wp-content\/uploads\/2026\/05\/5188242149529556186-300x200.jpg 300w, https:\/\/www.russiansagainstthewar.se\/wp-content\/uploads\/2026\/05\/5188242149529556186-768x512.jpg 768w, https:\/\/www.russiansagainstthewar.se\/wp-content\/uploads\/2026\/05\/5188242149529556186-18x12.jpg 18w, https:\/\/www.russiansagainstthewar.se\/wp-content\/uploads\/2026\/05\/5188242149529556186-645x430.jpg 645w, https:\/\/www.russiansagainstthewar.se\/wp-content\/uploads\/2026\/05\/5188242149529556186-360x240.jpg 360w, https:\/\/www.russiansagainstthewar.se\/wp-content\/uploads\/2026\/05\/5188242149529556186-135x90.jpg 135w, https:\/\/www.russiansagainstthewar.se\/wp-content\/uploads\/2026\/05\/5188242149529556186.jpg 1280w\" sizes=\"auto, (max-width: 1024px) 100vw, 1024px\" \/><\/figure>\n\n\n\n<figure class=\"wp-block-image size-large\"><img loading=\"lazy\" decoding=\"async\" width=\"1024\" height=\"768\" data-id=\"4293\" src=\"https:\/\/www.russiansagainstthewar.se\/wp-content\/uploads\/2026\/05\/5188242149529556187-1024x768.jpg\" alt=\"\" class=\"wp-image-4293\" srcset=\"https:\/\/www.russiansagainstthewar.se\/wp-content\/uploads\/2026\/05\/5188242149529556187-1024x768.jpg 1024w, https:\/\/www.russiansagainstthewar.se\/wp-content\/uploads\/2026\/05\/5188242149529556187-300x225.jpg 300w, https:\/\/www.russiansagainstthewar.se\/wp-content\/uploads\/2026\/05\/5188242149529556187-768x576.jpg 768w, https:\/\/www.russiansagainstthewar.se\/wp-content\/uploads\/2026\/05\/5188242149529556187-16x12.jpg 16w, https:\/\/www.russiansagainstthewar.se\/wp-content\/uploads\/2026\/05\/5188242149529556187-573x430.jpg 573w, https:\/\/www.russiansagainstthewar.se\/wp-content\/uploads\/2026\/05\/5188242149529556187-340x255.jpg 340w, https:\/\/www.russiansagainstthewar.se\/wp-content\/uploads\/2026\/05\/5188242149529556187-120x90.jpg 120w, https:\/\/www.russiansagainstthewar.se\/wp-content\/uploads\/2026\/05\/5188242149529556187.jpg 1280w\" sizes=\"auto, (max-width: 1024px) 100vw, 1024px\" \/><\/figure>\n\n\n\n<figure class=\"wp-block-image size-large\"><img loading=\"lazy\" decoding=\"async\" width=\"1024\" height=\"768\" data-id=\"4294\" src=\"https:\/\/www.russiansagainstthewar.se\/wp-content\/uploads\/2026\/05\/5474300990216410642-1024x768.jpg\" alt=\"\" class=\"wp-image-4294\" srcset=\"https:\/\/www.russiansagainstthewar.se\/wp-content\/uploads\/2026\/05\/5474300990216410642-1024x768.jpg 1024w, https:\/\/www.russiansagainstthewar.se\/wp-content\/uploads\/2026\/05\/5474300990216410642-300x225.jpg 300w, https:\/\/www.russiansagainstthewar.se\/wp-content\/uploads\/2026\/05\/5474300990216410642-768x576.jpg 768w, https:\/\/www.russiansagainstthewar.se\/wp-content\/uploads\/2026\/05\/5474300990216410642-16x12.jpg 16w, https:\/\/www.russiansagainstthewar.se\/wp-content\/uploads\/2026\/05\/5474300990216410642-573x430.jpg 573w, https:\/\/www.russiansagainstthewar.se\/wp-content\/uploads\/2026\/05\/5474300990216410642-340x255.jpg 340w, https:\/\/www.russiansagainstthewar.se\/wp-content\/uploads\/2026\/05\/5474300990216410642-120x90.jpg 120w, https:\/\/www.russiansagainstthewar.se\/wp-content\/uploads\/2026\/05\/5474300990216410642.jpg 1280w\" sizes=\"auto, (max-width: 1024px) 100vw, 1024px\" \/><\/figure>\n<\/figure>","protected":false},"excerpt":{"rendered":"<p>\u041d\u0435\u0441\u043c\u043e\u0442\u0440\u044f \u043d\u0430 \u0430\u043d\u0442\u0438\u0437\u0430\u043f\u0430\u0434\u043d\u0443\u044e \u0440\u0438\u0442\u043e\u0440\u0438\u043a\u0443, \u041a\u0440\u0435\u043c\u043b\u044c \u043d\u0435 \u043e\u0442\u043a\u0430\u0437\u044b\u0432\u0430\u0435\u0442\u0441\u044f \u043e\u0442 \u043f\u043e\u043f\u044b\u0442\u043e\u043a \u0432\u044b\u0440\u0432\u0430\u0442\u044c\u0441\u044f \u0438\u0437 \u043c\u0435\u0436\u0434\u0443\u043d\u0430\u0440\u043e\u0434\u043d\u043e\u0439 \u0438\u0437\u043e\u043b\u044f\u0446\u0438\u0438 \u2014 \u0438 \u043d\u0435 \u0433\u043d\u0443\u0448\u0430\u0435\u0442\u0441\u044f \u0438\u0441\u043f\u043e\u043b\u044c\u0437\u043e\u0432\u0430\u0442\u044c \u0434\u043b\u044f \u044d\u0442\u043e\u0433\u043e \u043d\u0435 \u0442\u043e\u043b\u044c\u043a\u043e \u0442\u043e\u0440\u0433\u043e\u0432\u043b\u044e, \u043d\u043e \u0438 \u043a\u0443\u043b\u044c\u0442\u0443\u0440\u0443. \u041f\u0440\u0435\u0434\u0441\u0442\u0430\u0432\u0438\u0442\u0435\u043b:\u044c\u043d\u0438\u0446\u044b \u0440\u043e\u0441\u0441\u0438\u0439\u0441\u043a\u043e\u0433\u043e \u0433\u043e\u0441\u0443\u0434\u0430\u0440\u0441\u0442\u0432\u0430 \u043f\u0440\u0438\u043b\u0430\u0433\u0430\u044e\u0442 [&hellip;]<\/p>","protected":false},"author":4,"featured_media":4294,"parent":0,"menu_order":0,"comment_status":"closed","ping_status":"closed","template":"","meta":{"_mi_skip_tracking":false,"_monsterinsights_sitenote_active":false,"_monsterinsights_sitenote_note":"","_monsterinsights_sitenote_category":0,"footnotes":""},"class_list":["post-4283","page","type-page","status-publish","has-post-thumbnail","hentry"],"aioseo_notices":[],"_links":{"self":[{"href":"https:\/\/www.russiansagainstthewar.se\/sv\/wp-json\/wp\/v2\/pages\/4283","targetHints":{"allow":["GET"]}}],"collection":[{"href":"https:\/\/www.russiansagainstthewar.se\/sv\/wp-json\/wp\/v2\/pages"}],"about":[{"href":"https:\/\/www.russiansagainstthewar.se\/sv\/wp-json\/wp\/v2\/types\/page"}],"author":[{"embeddable":true,"href":"https:\/\/www.russiansagainstthewar.se\/sv\/wp-json\/wp\/v2\/users\/4"}],"replies":[{"embeddable":true,"href":"https:\/\/www.russiansagainstthewar.se\/sv\/wp-json\/wp\/v2\/comments?post=4283"}],"version-history":[{"count":2,"href":"https:\/\/www.russiansagainstthewar.se\/sv\/wp-json\/wp\/v2\/pages\/4283\/revisions"}],"predecessor-version":[{"id":4296,"href":"https:\/\/www.russiansagainstthewar.se\/sv\/wp-json\/wp\/v2\/pages\/4283\/revisions\/4296"}],"wp:featuredmedia":[{"embeddable":true,"href":"https:\/\/www.russiansagainstthewar.se\/sv\/wp-json\/wp\/v2\/media\/4294"}],"wp:attachment":[{"href":"https:\/\/www.russiansagainstthewar.se\/sv\/wp-json\/wp\/v2\/media?parent=4283"}],"curies":[{"name":"wp","href":"https:\/\/api.w.org\/{rel}","templated":true}]}}