{"id":2730,"date":"2022-09-30T21:02:10","date_gmt":"2022-09-30T19:02:10","guid":{"rendered":"https:\/\/www.russiansagainstthewar.se\/?page_id=2730"},"modified":"2025-03-24T23:39:30","modified_gmt":"2025-03-24T21:39:30","slug":"about-us","status":"publish","type":"page","link":"https:\/\/www.russiansagainstthewar.se\/sv\/about-us\/","title":{"rendered":"Om oss"},"content":{"rendered":"<!-- <figure class=\"wp-block-image size-large\"><img decoding=\"async\" src=\"https:\/\/www.russiansagainstthewar.se\/wp-content\/uploads\/2022\/09\/PXL_20220824_1131526774-scaled-e1664565077390-1024x525.jpg\" alt=\"\" class=\"wp-image-2731\"\/><\/figure> -->\n\n\n\n<p>Den ideella f\u00f6reningen Antikrigskommitt\u00e9n i Sverige \"Russians Against War\" bildades i maj 2022 och finns i Stockholm, Sverige. V\u00e5r r\u00f6relses huvuduppdrag \u00e4r att f\u00f6rena alla medborgare i Ryska federationen och alla rysktalande i Sverige som protesterar mot det kriminella kriget som Putin och hans regim utl\u00f6ste i Ukraina<\/p>\n\n\n\n<p>V\u00e5ra m\u00e5l:<\/p>\n\n\n\n<ol class=\"wp-block-list\">\n<li>Utveckla en demokratisk antikrigsr\u00f6relse bland ryssl\u00e4ndare i Sverige. St\u00f6dja det civila samh\u00e4llet i Ryssland och gr\u00e4srotsinitiativen som fr\u00e4mjar demokratiutveckling samt antikrigsaktivism i Ryssland och andra l\u00e4nder.<\/li>\n\n\n\n<li>Ge fullt st\u00f6d till Ukraina i deras kamp mot Rysslands invasion.<\/li>\n\n\n\n<li>Bek\u00e4mpa ryssl\u00e4ndsk desinformation och propaganda samt motarbeta andra typer av ryssl\u00e4ndska handlingar som vill destabilisera demokratiinstituten i Sverige.<\/li>\n<\/ol>\n\n\n\n<div class=\"wp-block-buttons is-layout-flex wp-block-buttons-is-layout-flex\">\n<div class=\"wp-block-button\"><a class=\"wp-block-button__link wp-element-button\" href=\"https:\/\/www.russiansagainstthewar.se\/sv\/stadgar\/\">Stadgar<\/a><\/div>\n\n\n\n<div class=\"wp-block-button\"><a class=\"wp-block-button__link wp-element-button\" href=\"https:\/\/www.russiansagainstthewar.se\/sv\/media\/\">Om oss i media<\/a><\/div>\n<\/div>\n\n\n\n<h4 class=\"wp-block-heading\">\u0420\u0435\u043a\u0432\u0438\u0437\u0438\u0442\u044b<\/h4>\n\n\n\n<p>\u041d\u043e\u043c\u0435\u0440 \u043e\u0440\u0433\u0430\u043d\u0438\u0437\u0430\u0446\u0438\u0438: <code>802539-6253<\/code><\/p>\n\n\n\n<p>SWISH: <code>123-695 32 36<\/code><\/p>\n\n\n\n<p>Bankgiro: <code>196-0947<\/code><\/p>\n\n\n\n<p>\u041d\u043e\u043c\u0435\u0440 \u0441\u0447\u0451\u0442\u0430: <code>5364 10 961 97<\/code><\/p>\n\n\n\n<p>IBAN: <code>SE81 5000 0000 0536 4109 6197<\/code><\/p>\n\n\n\n<p>BIC: <code>ESSESESS<\/code><\/p>","protected":false},"excerpt":{"rendered":"<p>\u041d\u0435\u043a\u043e\u043c\u043c\u0435\u0440\u0447\u0435\u0441\u043a\u0430\u044f \u043e\u0440\u0433\u0430\u043d\u0438\u0437\u0430\u0446\u0438\u044f \u0410\u043d\u0442\u0438\u0432\u043e\u0435\u043d\u043d\u044b\u0439 \u043a\u043e\u043c\u0438\u0442\u0435\u0442 \u0432 \u0428\u0432\u0435\u0446\u0438\u0438 \u00abRussians Against War\u00bb \u0431\u044b\u043b\u0430 \u043e\u0431\u0440\u0430\u0437\u043e\u0432\u0430\u043d\u0430 \u0432 \u043c\u0430\u0435 2022 \u0433\u043e\u0434\u0430, \u0440\u0430\u0441\u043f\u043e\u043b\u043e\u0436\u0435\u043d\u0430 \u0432 \u0421\u0442\u043e\u043a\u0433\u043e\u043b\u044c\u043c\u0435, \u0428\u0432\u0435\u0446\u0438\u044f. \u041e\u0441\u043d\u043e\u0432\u043d\u043e\u0439 \u043c\u0438\u0441\u0441\u0438\u0435\u0439 \u043d\u0430\u0448\u0435\u0433\u043e \u0434\u0432\u0438\u0436\u0435\u043d\u0438\u044f \u044f\u0432\u043b\u044f\u0435\u0442\u0441\u044f \u043e\u0431\u044a\u0435\u0434\u0438\u043d\u0435\u043d\u0438\u0435 \u0432\u0441\u0435\u0445 \u0433\u0440\u0430\u0436\u0434\u0430\u043d \u0420\u0424 \u0438 \u0432\u0441\u0435\u0445 [&hellip;]<\/p>","protected":false},"author":4,"featured_media":0,"parent":0,"menu_order":0,"comment_status":"closed","ping_status":"closed","template":"","meta":{"_mi_skip_tracking":false,"_monsterinsights_sitenote_active":false,"_monsterinsights_sitenote_note":"","_monsterinsights_sitenote_category":0,"footnotes":""},"class_list":["post-2730","page","type-page","status-publish","hentry"],"aioseo_notices":[],"_links":{"self":[{"href":"https:\/\/www.russiansagainstthewar.se\/sv\/wp-json\/wp\/v2\/pages\/2730","targetHints":{"allow":["GET"]}}],"collection":[{"href":"https:\/\/www.russiansagainstthewar.se\/sv\/wp-json\/wp\/v2\/pages"}],"about":[{"href":"https:\/\/www.russiansagainstthewar.se\/sv\/wp-json\/wp\/v2\/types\/page"}],"author":[{"embeddable":true,"href":"https:\/\/www.russiansagainstthewar.se\/sv\/wp-json\/wp\/v2\/users\/4"}],"replies":[{"embeddable":true,"href":"https:\/\/www.russiansagainstthewar.se\/sv\/wp-json\/wp\/v2\/comments?post=2730"}],"version-history":[{"count":11,"href":"https:\/\/www.russiansagainstthewar.se\/sv\/wp-json\/wp\/v2\/pages\/2730\/revisions"}],"predecessor-version":[{"id":4217,"href":"https:\/\/www.russiansagainstthewar.se\/sv\/wp-json\/wp\/v2\/pages\/2730\/revisions\/4217"}],"wp:attachment":[{"href":"https:\/\/www.russiansagainstthewar.se\/sv\/wp-json\/wp\/v2\/media?parent=2730"}],"curies":[{"name":"wp","href":"https:\/\/api.w.org\/{rel}","templated":true}]}}