{"id":2727,"date":"2022-09-30T20:28:59","date_gmt":"2022-09-30T18:28:59","guid":{"rendered":"https:\/\/www.russiansagainstthewar.se\/?page_id=2727"},"modified":"2025-01-15T22:16:42","modified_gmt":"2025-01-15T20:16:42","slug":"participate","status":"publish","type":"page","link":"https:\/\/www.russiansagainstthewar.se\/sv\/participate\/","title":{"rendered":"Alla kan delta i Antikrigskommitt\u00e9ns aktitiviteter!"},"content":{"rendered":"<style>\nh2 {\n  font-size: 30px;\n  line-height: 36px;\n}\n<\/style>\n\n\n\n<p>Kriget har f\u00f6r\u00e4ndrat livet f\u00f6r miljontals m\u00e4nniskor - och inte bara de som bor i Ukraina och Ryssland. \n\nEfter krigets utbrott, skapade vi en antikrigsr\u00f6relse i Sverige - f\u00f6r att ena m\u00e4nniskor, uppm\u00e4rksamma Putin-regimens aggression i Ukraina, hj\u00e4lpa m\u00e4nniskor som drabbats av kriget och samla in pengar till de beh\u00f6vande. \n\nVi \u00e4r \u00f6vertygade om att alla kan bli en del av antikrigsr\u00f6relsen och v\u00e4lja det alternativ av protest som passar dem.<\/p>\n\n\n\n<div style=\"height:20px\" aria-hidden=\"true\" class=\"wp-block-spacer\"><\/div>\n\n\n\n<div class=\"wp-block-columns is-layout-flex wp-container-core-columns-is-layout-9d6595d7 wp-block-columns-is-layout-flex\">\n<div class=\"wp-block-column is-layout-flow wp-block-column-is-layout-flow\">\n<h2 class=\"wp-block-heading has-text-align-center\" id=\"become-a-member\">Bli medlem<\/h2>\n\n\n\n<p>Det viktigaste som g\u00f6r en ideell f\u00f6rening levade \u00e4r dess medlemmar. Genom att bli officiell medlem i antikrigskommit\u00e9n kommer man att kunna v\u00e4lja styrelse eller bli nominerad till denna post. Dessutom h\u00e5lls m\u00f6ten regelbundet f\u00f6r medlemmar i organisationen, d\u00e4r aktuella problem och s\u00e4tt att l\u00f6sa dem diskuteras.<\/p>\n\n\n\n<p>F\u00f6r att g\u00e5 med, beh\u00f6ver du bekanta dig med v\u00e5ra <a href=\"https:\/\/www.russiansagainstthewar.se\/sv\/stadgar\/\" title=\"\">stadgar<\/a>, fylla i ett <a href=\"https:\/\/forms.gle\/hMUKHmLx6aVzfrGd9\" title=\"\">ans\u00f6kningsformul\u00e4r<\/a> och betala en \u00e5rsavgift. Detta kan g\u00f6ras via Swish <code>123-695 32 36<\/code> meddelande: <code>medlemsavgift<\/code>, bank\u00f6verf\u00f6ring (IBAN: <code>SE81 5000 0000 0536 4109 6197<\/code>, BIC: <code>ESSESESS<\/code>) eller kontant p\u00e5 n\u00e5got av v\u00e5ra evenemang. H\u00e5ll utkik efter <a href=\"https:\/\/www.russiansagainstthewar.se\/sv\/news\/\" title=\"\">meddelanden om evenemang<\/a> , g\u00e5 med i kommitt\u00e9n och g\u00f6r antikrigsr\u00f6relsen b\u00e4ttre!<\/p>\n\n\n\n<p><a href=\"https:\/\/www.russiansagainstthewar.se\/sv\/stadgar\/\">Stadgar<\/a><\/p>\n\n\n\n<p><a href=\"https:\/\/forms.gle\/hMUKHmLx6aVzfrGd9\">Fyll i ans\u00f6kningsformul\u00e4ren<\/a><\/p>\n<\/div>\n\n\n\n<div class=\"wp-block-column is-layout-flow wp-block-column-is-layout-flow\">\n<h2 class=\"wp-block-heading has-text-align-center\" id=\"donate\">Donera<\/h2>\n\n\n\n<p>Det finns m\u00e5nga s\u00e4tt att st\u00f6dja Ukraina, p\u00e5skynda krigets slut eller mildra dess konsekvenser. Det \u00e4r nu tydligt att detta krig h\u00e5ller p\u00e5 att omvandlas till ett utmattningskrig. I en s\u00e5dan situation \u00e4r det v\u00e4ldigt viktigt att inte ge upp och forts\u00e4tta att medverka. F\u00f6r eran bekv\u00e4mlighet har vi f\u00f6rberett en lista \u00f6ver de mest effektiva organisationerna, initiativen och fonderna f\u00f6r donationer \u2013 v\u00e4lj efter smak.<\/p>\n\n\n\n<p><a href=\"https:\/\/www.russiansagainstthewar.se\/sv\/donate\/\">Effektiva organisationer som accepterar donationer<\/a><\/p>\n<\/div>\n<\/div>","protected":false},"excerpt":{"rendered":"<p>\u0412\u043e\u0439\u043d\u0430 \u0438\u0437\u043c\u0435\u043d\u0438\u043b\u0430 \u0436\u0438\u0437\u043d\u0438 \u043c\u0438\u043b\u043b\u0438\u043e\u043d\u043e\u0432 \u043b\u044e\u0434\u0435\u0439 \u2014 \u0438 \u043d\u0435 \u0442\u043e\u043b\u044c\u043a\u043e \u0442\u0435\u0445, \u043a\u0442\u043e \u0436\u0438\u0432\u0435\u0442 \u0432 \u0423\u043a\u0440\u0430\u0438\u043d\u0435 \u0438 \u0420\u043e\u0441\u0441\u0438\u0438. \u041f\u043e\u0441\u043b\u0435 \u043d\u0430\u0447\u0430\u043b\u0430 \u0432\u043e\u0439\u043d\u044b \u043c\u044b \u0441\u043e\u0437\u0434\u0430\u043b\u0438 \u0430\u043d\u0442\u0438\u0432\u043e\u0435\u043d\u043d\u044b\u0435 \u0434\u0432\u0438\u0436\u0435\u043d\u0438\u0435 \u0432 \u0428\u0432\u0435\u0446\u0438\u0438, \u0447\u0442\u043e\u0431\u044b \u043e\u0431\u044a\u0435\u0434\u0438\u043d\u0438\u0442\u044c \u043b\u044e\u0434\u0435\u0439, \u043f\u0440\u0438\u0432\u043b\u0435\u0447\u044c \u0432\u043d\u0438\u043c\u0430\u043d\u0438\u0435 [&hellip;]<\/p>","protected":false},"author":4,"featured_media":0,"parent":0,"menu_order":0,"comment_status":"closed","ping_status":"closed","template":"","meta":{"_mi_skip_tracking":false,"_monsterinsights_sitenote_active":false,"_monsterinsights_sitenote_note":"","_monsterinsights_sitenote_category":0,"footnotes":""},"class_list":["post-2727","page","type-page","status-publish","hentry"],"aioseo_notices":[],"_links":{"self":[{"href":"https:\/\/www.russiansagainstthewar.se\/sv\/wp-json\/wp\/v2\/pages\/2727","targetHints":{"allow":["GET"]}}],"collection":[{"href":"https:\/\/www.russiansagainstthewar.se\/sv\/wp-json\/wp\/v2\/pages"}],"about":[{"href":"https:\/\/www.russiansagainstthewar.se\/sv\/wp-json\/wp\/v2\/types\/page"}],"author":[{"embeddable":true,"href":"https:\/\/www.russiansagainstthewar.se\/sv\/wp-json\/wp\/v2\/users\/4"}],"replies":[{"embeddable":true,"href":"https:\/\/www.russiansagainstthewar.se\/sv\/wp-json\/wp\/v2\/comments?post=2727"}],"version-history":[{"count":21,"href":"https:\/\/www.russiansagainstthewar.se\/sv\/wp-json\/wp\/v2\/pages\/2727\/revisions"}],"predecessor-version":[{"id":4083,"href":"https:\/\/www.russiansagainstthewar.se\/sv\/wp-json\/wp\/v2\/pages\/2727\/revisions\/4083"}],"wp:attachment":[{"href":"https:\/\/www.russiansagainstthewar.se\/sv\/wp-json\/wp\/v2\/media?parent=2727"}],"curies":[{"name":"wp","href":"https:\/\/api.w.org\/{rel}","templated":true}]}}