{"id":2600,"date":"2022-09-12T19:55:58","date_gmt":"2022-09-12T17:55:58","guid":{"rendered":"https:\/\/www.russiansagainstthewar.se\/?page_id=2600"},"modified":"2022-10-03T22:42:53","modified_gmt":"2022-10-03T20:42:53","slug":"russian-activist-visa-letter","status":"publish","type":"page","link":"https:\/\/www.russiansagainstthewar.se\/sv\/russian-activist-visa-letter\/","title":{"rendered":"\u00c5terigen om visum: v\u00e4djan till UD och justitiedepartementet"},"content":{"rendered":"<p>Hittills har r\u00e4ttvisa och yttrandefrihet f\u00f6rst\u00f6rts i Ryssland. Medborgare som mots\u00e4tter sig den nuvarande regimen och aktivt visar sin st\u00e4llning uts\u00e4tts st\u00e4ndigt f\u00f6r f\u00f6rtryck och f\u00e4ngslanden. D\u00e4rf\u00f6r kan m\u00f6jligheten att l\u00e4mna landet i h\u00e4ndelse av f\u00f6rf\u00f6ljelse ofta vara det sista hoppet om r\u00e4ddning.<\/p>\n\n\n\n<p>F\u00f6r att resa till EU och Sverige beh\u00f6ver ryssar ett Schengenvisum. Det \u00e4r om\u00f6jligt att l\u00e4mna landet utan visum! Men p\u00e5 grund av den ryska statens milit\u00e4ra aggression i Ukraina b\u00f6rjade EU och Sverige sk\u00e4rpa villkoren f\u00f6r att f\u00e5 Schengenvisum av ryssar. D\u00e4rf\u00f6r skrev antikrigskommitt\u00e9n ett brev med f\u00f6rtydliganden och f\u00f6rslag till utrikesminister Ann Linde och integrations- och migrationsminister Anders Ygeman. Vi hoppas att den svenska regeringen och myndigheterna tar h\u00e4nsyn till de argument som framf\u00f6rs i v\u00e5rt brev.<\/p>\n\n\n\n<style>\n .small-h3 {\n  font-size: 20px;\n  line-height: 26px;\n}\n  h2 {\n  font-size: 30px;\n  line-height: 36px;\n}\n<\/style>\n<hr>\n\n\n\n<div style=\"background-color: #eeeeee; border-radius: 10px; padding: 5px 20px 5px 20px; margin-top: 20px\">\n<h2>Om underl\u00e4ttande av inresor i Sverige och pr\u00f6vning av skyddsbehov f\u00f6r antikrigsaktivister och andra oppositionella fr\u00e5n Ryssland<\/h2>\n<p><i>2022-09-06<\/i><\/p>\n<p class=\"has-text-align-right\">Utrikesminister Ann Linde<br>Utrikesdepartementet <br><\/p>\n<p class=\"has-text-align-right\">Integrations- och migrationsminister<br>Anders Ygeman<br>Justitiedepartementet<\/p>\n<p>Det har under senare tid p\u00e5g\u00e5tt diskussioner i Europeiska Unionen om olika typer av begr\u00e4nsningar och f\u00f6rbud f\u00f6r ryska medborgares r\u00f6rlighet i Unionen, till exempel stopp f\u00f6r utf\u00e4rdandet av turistvisum eller till och med totalt inresef\u00f6rbud. Vi kan f\u00f6rst\u00e5 att s\u00e5dana initiativ uppst\u00e5r och att s\u00e4rskilt de EU-l\u00e4nder som gr\u00e4nsar till Ryssland upplever infl\u00f6det av ryska medborgare som ett allvarligt s\u00e4kerhetshot. Det kan ocks\u00e5 vara st\u00f6tande att ryska medborgare som kanske aktivt st\u00f6der kriget mot Ukraina kan semestra i EU medan ukrainska barn, kvinnor och m\u00e4n d\u00f6das av den ryska krigsmakten. Samtidigt \u00e4r turistvisum ofta den enda praktiska m\u00f6jligheten f\u00f6r ryssar att fly fr\u00e5n f\u00f6rf\u00f6ljelse i sitt eget land och s\u00f6ka skydd i EU. D\u00e4rf\u00f6r \u00e4r det viktigt att inte stirra sig blind p\u00e5 beteckningen \u201dturistvisum\u201d. <strong>Med det h\u00e4r brevet vill vi uppm\u00e4rksamma situationen f\u00f6r ryska regimkritiker och uppmana Sverige att beh\u00e5lla och bredda sina humanit\u00e4ra insatser f\u00f6r att ge tillf\u00e4lligt skydd till oppositionella, oberoende journalister och antikrigsaktivister fr\u00e5n Ryssland.<\/strong><\/p>\n\n<p class=\" translation-block\">Det fullskaliga och brutala krig som den ryska regimen f\u00f6r i Ukraina \u00e4r en direkt f\u00f6ljd av den antidemokratiska utveckling Ryssland genomlidit sedan Vladimir Putin tog makten vid millennieskiftet. De fria medierna och den politiska oppositionen slogs s\u00f6nder, och journalister, politiker och m\u00e4nniskor\u00e4ttsaktivister m\u00f6rdades, arresterades eller flydde utomlands. Ryssarna har gradvis ber\u00f6vats ett oberoende r\u00e4ttssystem, m\u00f6tes- och demonstrationsfrihet (fredliga politiska samlingar som inte varit sanktionerade av regimen har slagits brutalt ner) samt r\u00e4tten till privatliv, d\u00e5 det f\u00f6rekommer omfattande statlig kontroll av bl a sociala medier. Sedan krigets utbrott har \u00e4ven yttrandefriheten avskaffats och alla uttryck f\u00f6r protest mot det p\u00e5g\u00e5ende kriget riskerar nu att straffas med en straffskala fr\u00e5n b\u00f6ter till 15 \u00e5rs f\u00e4ngelse[<a href=\"#refs\" class=\"__mPS2id\" target=\"_self\">1<\/a>]. \u041f\u043e \u0434\u0430\u043d\u043d\u044b\u043c \u043f\u0440\u0430\u0432\u043e\u0437\u0430\u0449\u0438\u0442\u043d\u043e\u0439 \u043e\u0440\u0433\u0430\u043d\u0438\u0437\u0430\u0446\u0438\u0438 \u041e\u0412\u0414-\u0418\u043d\u0444\u043e[<a href=\"#refs\" class=\"__mPS2id\" target=\"_self\">2<\/a>]. Hittills har 16 437 personer gripits under antikrigsprotester, 3 807 \u00e5tal har v\u00e4ckts f\u00f6r \u201ddiskreditering av den ryska arm\u00e9n\u201d, och 224 personer har anklagats f\u00f6r eller d\u00f6mts f\u00f6r skriftligt eller muntligt uttryckt motst\u00e5nd, allt enligt m\u00e4nniskor\u00e4ttsorganisationen OVD-Info[<a href=\"#refs\" class=\"__mPS2id\" target=\"_self\">2<\/a>]. Flera av dessa fall \u00e4r demonstrativt och oproportionerligt str\u00e4nga vad g\u00e4ller behandling och p\u00e5f\u00f6ljder just f\u00f6r den avskr\u00e4ckande effekten. <strong>Sammanlagt har dagens Ryssland ett r\u00e4ttsvidrigt f\u00f6rh\u00e5llningss\u00e4tt till m\u00e4nskliga r\u00e4ttigheter vare sig det g\u00e4ller de egna medborgarna eller andra l\u00e4nders medborgare. <\/strong><\/p>\n\n<p>Trots den ovan beskrivna utvecklingen har Sverige s\u00e4llan medgivit politiskt motiverat skyddsbehov gentemot Ryska Federationen f\u00f6r aktivister som s\u00f6kt asyl i landet. Senast f\u00f6r nio m\u00e5nader sedan bed\u00f6mde Migrationsverket i ett avslag p\u00e5 en asylans\u00f6kan att Ryssland har ett fungerande r\u00e4ttssystem med bl a ombudsm\u00e4n som st\u00e4ller krav p\u00e5 att m\u00e4nskliga r\u00e4ttigheter iakttas[<a href=\"#refs\">3<\/a>]. \u00c4ven idag avsl\u00e5r Migrationsverket ans\u00f6kningar fr\u00e5n ryska aktivister som s\u00f6kt asyl i Sverige. Sedan krigets utbrott har uppemot 400 personer s\u00f6kt skydd i Sverige gentemot Ryssland, majoriteten av dessa har varit ryska medborgare som varit bosatta i Ukraina fram till den 24 februari 2022, men det finns bland dem ocks\u00e5 flera aktivister, musiker och konstn\u00e4rer som n\u00f6dgats l\u00e4mna Ryssland. Vi kontaktas regelbundet av m\u00e4nniskor som anklagats eller \u00e4r p\u00e5 v\u00e4g att d\u00f6mas f\u00f6r antikrigsprotester med v\u00e4djan att hj\u00e4lpa dem fly fr\u00e5n Ryssland. I visumfria l\u00e4nder som Georgien eller Turkiet, dit m\u00e5nga ryssar flyttade efter krigets utbrott, finns det betydligt s\u00e4mre m\u00f6jligheter att f\u00e5 skydd ifall Ryssland beg\u00e4r dem utl\u00e4mnade via till exempel Interpol. <strong>Det finns s\u00e5ledes m\u00e5nga som riskerar att falla offer f\u00f6r regimen, eftersom de saknar m\u00f6jligheten att fly: aktivister, journalister, jurister, m\u00e4nniskor\u00e4ttsf\u00f6rsvarare och konstn\u00e4rer, som ist\u00e4llet skulle kunna forts\u00e4tta sitt arbete och sin kamp fr\u00e5n andra l\u00e4nder och p\u00e5 s\u00e5 vis bidra till det samlade motst\u00e5ndet mot Putins regim.<\/strong><\/p>\n\n<p>Vi uppmanar d\u00e4rf\u00f6r Sveriges regering att visa solidaritet med civilsamh\u00e4llet i Ryska Federationen genom att:<\/p>\n\n<ul><li>i st\u00f6rre utstr\u00e4ckning beakta de risker som uppkommit efter krigets utbrott och erk\u00e4nna skyddsbehovet gentemot Ryssland f\u00f6r antikrigsaktivister som redan s\u00f6kt skydd i Sverige; att stoppa utvisningar till Ryssland av individer som tagit aktiv st\u00e4llning mot kriget och regimen, inklusive ryska medborgare som varit bosatta i Ukraina vid krigets utbrott;<\/li><li>introducera m\u00f6jligheten att f\u00e5 ett nationellt D-visum, som kan s\u00f6kas av antikrigsaktivister och andra oppositionella i Ryssland, i likhet med de s\u00e5 kallade \u201dhumanit\u00e4ra visum\u201d som redan introducerats av till exempel Litauen, Polen och Tyskland. Dessa visum b\u00f6r omfatta \u00e4ven n\u00e4rmaste familjemedlemmar;<\/li><li>utvidga m\u00f6jligheten till fristad f\u00f6r konstn\u00e4rer, musiker, artister, forskare, m\u00e4nniskor\u00e4ttsaktivister samt personer inom andra skapande yrken, som aktivt tar st\u00e4llning mot kriget.<\/li><\/ul>\n\n<p>Individer i alla dessa kategorier kommer att bidra till att underminera ryska krigspropagandan och till att kunna bygga upp ett fredligt Ryssland efter Putinregimens kollaps. I trygghet i Sverige kan de arbeta mer effektivt och genomf\u00f6ra projekt som \u00e4r om\u00f6jliga i dagens Ryssland. Exempel p\u00e5 s\u00e5dana projekt \u00e4r:<\/p>\n\n<ul><li>Gulagu.net, lett av ryssen Vladimir Osetjkin som sedan 2015 bor i Frankrike men framg\u00e5ngsrikt kartl\u00e4gger fall av tortyr och rekrytering till kriget inifr\u00e5n den ryska kriminalv\u00e5rden;<\/li><li>det EU-baserade \u201dConflict Intelligence Team\u201d under ledning av den ryske aktivisten Ruslan Levijev, som \u00f6vervakar de ryska milit\u00e4rens man\u00f6vrer och bidrar med underr\u00e4ttelser till ukrainska arm\u00e9n;<\/li><li>den ryska mediekanalen TV Rain (Dozjd\u00b4) som sedan ryska myndigheter tvingade fram dess nedl\u00e4ggning i mars 2022 fick m\u00f6jligheten att evakuera sin redaktion till Lettland och \u00e5ter b\u00f6rjade s\u00e4nda i juli 2022.<\/li><\/ul>\n\n<p><strong>Vi hoppas att Sveriges regering och myndigheter tar h\u00e4nsyn till argumenten i v\u00e5rt brev n\u00e4r Sverige ska ta st\u00e4llning till m\u00f6jliga l\u00f6sningar p\u00e5 denna fortsatt sv\u00e5ra och kontroversiella fr\u00e5ga, s\u00e5v\u00e4l p\u00e5 nationell niv\u00e5 som p\u00e5 EU-niv\u00e5.<\/strong><\/p>\n\n<h3 id=\"refs\" class=\"small-h3\">Referenser<\/h3>\n\n<ol><li>Det tillkom nya paragrafer i den ryska Brottsbalken med straffansvar f\u00f6r \u201cdiskreditering\u201d av den ryska arm\u00e9n, dvs. kritik mot \u201cden speciella operationen\u201d (art. 280.3) samt spridning av information i strid med officiella rapporter (art. 207.3). Dessa handlingar har straffv\u00e4rde upp till 15 \u00e5r i f\u00e4ngelse.<\/li><li><a href=\"https:\/\/data.ovdinfo.org\/summary-anti-war-repressions-six-months-war\" target=\"_blank\" rel=\"noreferrer noopener\">https:\/\/data.ovdinfo.org\/summary-anti-war-repressions-six-months-war<\/a><\/li><li>Det aktuella avslagsbeslutet h\u00e4vdes senare av Migrationsdomstolen som beviljade asyl.<\/li><\/ol>\n\n<h3 class=\"small-h3\">Signerat av<\/h3>\n\n<ul><li>\u00d6stgruppen f\u00f6r demokrati och m\u00e4nskliga r\u00e4ttigheter<\/li><li>Ryska Antikrigskommitt\u00e9n i Sverige &#8211; \u0410\u043d\u0442\u0438\u0432\u043e\u0435\u043d\u043d\u044b\u0439 \u043a\u043e\u043c\u0438\u0442\u0435\u0442 \u0432 \u0428\u0432\u0435\u0446\u0438\u0438<\/li><\/ul>\n<\/div>\n\n\n\n<h2 class=\"wp-block-heading\">Om f\u00f6rf\u00f6ljelsen av politiska aktivister i Ryssland<\/h2>\n\n\n\n<ul class=\"wp-block-list\"><li><a href=\"https:\/\/data.ovdinfo.org\/summary-anti-war-repressions-six-months-war\">Mer \u00e4n 16000 m\u00e4nniskor f\u00f6rf\u00f6ljdes i Ryssland p\u00e5 grund av sin antikrigsst\u00e4llning p\u00e5 sex m\u00e5nader<\/a><\/li><li><a href=\"https:\/\/www.dn.se\/sverige\/ryssar-valjer-sina-ord-om-kriget-sager-gubben-i-stallet-for-putin\/\">Aktivisterna Pavel Chuprunov och Olesya Volkova talar om situationen f\u00f6r aktivister i Ryssland<\/a><\/li><li><a href=\"https:\/\/www.dn.se\/sverige\/visumstopp-hot-mot-kritiska-ryssar-en-terrorstat\/\">\u00d6versikt \u00f6ver visumsituationen f\u00f6r ryssar och aktivister<\/a><\/li><li><a href=\"https:\/\/www.omvarlden.se\/nyheter\/nu-flyr-manniskorattskamparna-ryssland\">Om undertryckandet av antikrigsprotester i b\u00f6rjan av kriget<\/a><\/li><\/ul>\n\n\n\n<h2 class=\"wp-block-heading\">Aktivister fr\u00e5n Ryssland i Sverige<\/h2>\n\n\n\n<ul class=\"wp-block-list\"><li>Den ryske politikern och aktivisten Pavel Chuprunov <a href=\"https:\/\/www.svt.se\/nyheter\/utrikes\/rysk-putin-kritiker-far-skydd-i-sverige\">nekades asyl i Sverige, men lyckades f\u00e5 skydd efter att ha bestridit beslutet i domstol<\/a><\/li><li>Den ryska familjen Parinov flyttade till Ukraina 2016. <a href=\"https:\/\/www.tv4.se\/klipp\/va\/13787717\/familjen-utvisas-till-ryssland-pappan-strider-i-ukraina\">Fr\u00e5n b\u00f6rjan av kriget gick Andrei Parinov med i Ukrainas v\u00e4pnade styrkor och Elena och hennes barn tvingades fly till Sverige. Nu har de nekats asyl och riskerar att utvisas till Ryssland.<\/a><\/li><li>Den ryska konstn\u00e4ren och aktivisten Jekaterina Shchelganova <a href=\"https:\/\/www.svt.se\/kultur\/ryska-konstnaren-farligt-att-vara-konstnar-i-ryssland\">kom till Sverige med hj\u00e4lp av turistvisum p\u00e5 grund av f\u00f6rf\u00f6ljelse och nekades skydd.<\/a><\/li><\/ul>\n\n\n\n<p>Det finns m\u00e5nga fler s\u00e5dana exempel!<\/p>\n\n\n\n<p>Vi f\u00e5r regelbundet \u00f6verklaganden fr\u00e5n ryska medborgare som hamnar i liknande situationer, men de flesta av dem vill inte prata om det offentligt, eftersom de \u00e4r r\u00e4dda f\u00f6r repressalier vid utvisning.<\/p>\n\n\n\n<h2 class=\"wp-block-heading\" id=\"response-2022-09-29\">\u041e\u0442\u0432\u0435\u0442 \u043d\u0430 \u043d\u0430\u0448\u0435 \u043f\u0438\u0441\u044c\u043c\u043e \u043e\u0442 \u041c\u0438\u043d\u0438\u0441\u0442\u0435\u0440\u0441\u0442\u0432\u0430 \u0438\u043d\u043e\u0441\u0442\u0440\u0430\u043d\u043d\u044b\u0445 \u0434\u0435\u043b<\/h2>\n\n\n\n<p>29 \u0441\u0435\u043d\u0442\u044f\u0431\u0440\u044f 2022 \u043c\u044b \u043f\u043e\u043b\u0443\u0447\u0438\u043b\u0438 <a href=\"https:\/\/www.russiansagainstthewar.se\/sv\/2022\/09\/29\/response-from-mfa-on-visa-question\/\">\u043e\u0442\u0432\u0435\u0442 \u043d\u0430 \u043d\u0430\u0448\u0435 \u043f\u0438\u0441\u044c\u043c\u043e<\/a>.<\/p>","protected":false},"excerpt":{"rendered":"<p>\u041d\u0430 \u0441\u0435\u0433\u043e\u0434\u043d\u044f\u0448\u043d\u0438\u0439 \u0434\u0435\u043d\u044c \u0432 \u0420\u043e\u0441\u0441\u0438\u0438 \u0443\u043d\u0438\u0447\u0442\u043e\u0436\u0435\u043d\u044b \u043f\u0440\u0430\u0432\u043e\u0441\u0443\u0434\u0438\u0435 \u0438 \u0441\u0432\u043e\u0431\u043e\u0434\u0430 \u0441\u043b\u043e\u0432\u0430. \u0413\u0440\u0430\u0436\u0434\u0430\u043d\u0435, \u0432\u044b\u0441\u0442\u0443\u043f\u0430\u044e\u0449\u0438\u0435 \u043f\u0440\u043e\u0442\u0438\u0432 \u0434\u0435\u0439\u0441\u0442\u0432\u0443\u044e\u0449\u0435\u0433\u043e \u0440\u0435\u0436\u0438\u043c\u0430 \u0438 \u0430\u043a\u0442\u0438\u0432\u043d\u043e \u043f\u0440\u043e\u044f\u0432\u043b\u044f\u044e\u0449\u0438\u0435 \u0441\u0432\u043e\u044e \u043f\u043e\u0437\u0438\u0446\u0438\u044e, \u043f\u043e\u0441\u0442\u043e\u044f\u043d\u043d\u043e \u043f\u043e\u0434\u0432\u0435\u0440\u0433\u0430\u044e\u0442\u0441\u044f \u0440\u0435\u043f\u0440\u0435\u0441\u0441\u0438\u044f\u043c \u0438 \u0430\u0440\u0435\u0441\u0442\u0430\u043c. \u041f\u043e\u044d\u0442\u043e\u043c\u0443, \u0432 \u0441\u043b\u0443\u0447\u0430\u0435 \u043f\u0440\u0435\u0441\u043b\u0435\u0434\u043e\u0432\u0430\u043d\u0438\u044f, \u0432\u043e\u0437\u043c\u043e\u0436\u043d\u043e\u0441\u0442\u044c [&hellip;]<\/p>","protected":false},"author":4,"featured_media":0,"parent":0,"menu_order":0,"comment_status":"closed","ping_status":"closed","template":"","meta":{"_mi_skip_tracking":false,"_monsterinsights_sitenote_active":false,"_monsterinsights_sitenote_note":"","_monsterinsights_sitenote_category":0,"footnotes":""},"class_list":["post-2600","page","type-page","status-publish","hentry"],"aioseo_notices":[],"_links":{"self":[{"href":"https:\/\/www.russiansagainstthewar.se\/sv\/wp-json\/wp\/v2\/pages\/2600","targetHints":{"allow":["GET"]}}],"collection":[{"href":"https:\/\/www.russiansagainstthewar.se\/sv\/wp-json\/wp\/v2\/pages"}],"about":[{"href":"https:\/\/www.russiansagainstthewar.se\/sv\/wp-json\/wp\/v2\/types\/page"}],"author":[{"embeddable":true,"href":"https:\/\/www.russiansagainstthewar.se\/sv\/wp-json\/wp\/v2\/users\/4"}],"replies":[{"embeddable":true,"href":"https:\/\/www.russiansagainstthewar.se\/sv\/wp-json\/wp\/v2\/comments?post=2600"}],"version-history":[{"count":32,"href":"https:\/\/www.russiansagainstthewar.se\/sv\/wp-json\/wp\/v2\/pages\/2600\/revisions"}],"predecessor-version":[{"id":2822,"href":"https:\/\/www.russiansagainstthewar.se\/sv\/wp-json\/wp\/v2\/pages\/2600\/revisions\/2822"}],"wp:attachment":[{"href":"https:\/\/www.russiansagainstthewar.se\/sv\/wp-json\/wp\/v2\/media?parent=2600"}],"curies":[{"name":"wp","href":"https:\/\/api.w.org\/{rel}","templated":true}]}}