{"id":2583,"date":"2022-09-12T00:36:25","date_gmt":"2022-09-11T22:36:25","guid":{"rendered":"https:\/\/www.russiansagainstthewar.se\/?page_id=2583"},"modified":"2025-05-15T19:03:43","modified_gmt":"2025-05-15T17:03:43","slug":"our-events","status":"publish","type":"page","link":"https:\/\/www.russiansagainstthewar.se\/sv\/our-events\/","title":{"rendered":"Evenemang"},"content":{"rendered":"<p>Ett av v\u00e5ra m\u00e5l \u00e4r att f\u00f6rena m\u00e4nniskor som \u00e4r emot kriget som Ryssland startat, b\u00e5de i Sverige och i hela v\u00e4rlden. Vi tror att etablering av horisontella kopplingar, \u00f6msesidig hj\u00e4lp och st\u00f6d \u00e4r nyckelelementen n\u00e4r man ska utforma ett sammansvetsat samh\u00e4lle som kan uppn\u00e5 gemensamma m\u00e5l och f\u00f6r\u00e4ndring. D\u00e4rf\u00f6r anordnar vi regelbundna tr\u00e4ffar och evenemang som \u00e4r \u00f6ppna f\u00f6r alla som vill komma. Man kan komma sj\u00e4lv, med sin familj, sina kompisar och husdjur. Kommande evenemang hittar ni p\u00e5 v\u00e5r hemsida eller p\u00e5 v\u00e5ra sociala medier.<\/p>\n\n\n\n<style>\n h2 {\n   font-size: 30px;\n   line-height: 36px;\n }\n<\/style>\n\n\n\n<div style=\"height:20px\" aria-hidden=\"true\" class=\"wp-block-spacer\"><\/div>\n\n\n\n<div class=\"wp-block-media-text alignwide is-stacked-on-mobile\" style=\"grid-template-columns:25% auto\"><figure class=\"wp-block-media-text__media\"><a href=\"https:\/\/www.russiansagainstthewar.se\/sv\/category\/demonstration\/\"><img loading=\"lazy\" decoding=\"async\" width=\"756\" height=\"756\" src=\"https:\/\/www.russiansagainstthewar.se\/wp-content\/uploads\/2025\/05\/events-demonstration.png\" alt=\"\" class=\"wp-image-4241 size-medium\" srcset=\"https:\/\/www.russiansagainstthewar.se\/wp-content\/uploads\/2025\/05\/events-demonstration.png 756w, https:\/\/www.russiansagainstthewar.se\/wp-content\/uploads\/2025\/05\/events-demonstration-300x300.png 300w, https:\/\/www.russiansagainstthewar.se\/wp-content\/uploads\/2025\/05\/events-demonstration-150x150.png 150w, https:\/\/www.russiansagainstthewar.se\/wp-content\/uploads\/2025\/05\/events-demonstration-12x12.png 12w, https:\/\/www.russiansagainstthewar.se\/wp-content\/uploads\/2025\/05\/events-demonstration-430x430.png 430w, https:\/\/www.russiansagainstthewar.se\/wp-content\/uploads\/2025\/05\/events-demonstration-255x255.png 255w, https:\/\/www.russiansagainstthewar.se\/wp-content\/uploads\/2025\/05\/events-demonstration-90x90.png 90w\" sizes=\"auto, (max-width: 756px) 100vw, 756px\" \/><\/a><\/figure><div class=\"wp-block-media-text__content\">\n<div class=\"wp-block-group\"><div class=\"wp-block-group__inner-container is-layout-flow wp-block-group-is-layout-flow\">\n<div class=\"wp-block-columns is-layout-flex wp-container-core-columns-is-layout-9d6595d7 wp-block-columns-is-layout-flex\">\n<div class=\"wp-block-column is-layout-flow wp-block-column-is-layout-flow\" style=\"flex-basis:100%\">\n<h2 class=\"wp-block-heading\"><a href=\"https:\/\/www.russiansagainstthewar.se\/sv\/category\/demonstration\/\">Protestaktioner och demonstrationer<\/a><\/h2>\n\n\n\n<p>S\u00e5 l\u00e4nge det i Ryssland \u00e4r straffbart att organisera och delta i protestaktioner, utnyttjar vi v\u00e5r r\u00e4tt till allm\u00e4nna sammankomster i Sverige. V\u00e5r kommitt\u00e9 brukar anordna protestaktioner, performanser och installationer. Vi brukar ocks\u00e5 bjuda in olika talare, ge intervjuer till svensk media och delta i externa protestaktioner.<\/p>\n\n\n\n<p>Kom p\u00e5 v\u00e5r kommande protestaktion med eller utan banderoll, bara f\u00f6r att lyssna eller uttrycka sin \u00e5sikt. Ju flera vi \u00e4r desto mer m\u00e4rks vi.<\/p>\n<\/div>\n<\/div>\n<\/div><\/div>\n<\/div><\/div>\n\n\n\n<div style=\"height:20px\" aria-hidden=\"true\" class=\"wp-block-spacer\"><\/div>\n\n\n\n<div class=\"wp-block-media-text alignwide has-media-on-the-right is-stacked-on-mobile\" style=\"grid-template-columns:auto 25%\"><div class=\"wp-block-media-text__content\">\n<div class=\"wp-block-group\"><div class=\"wp-block-group__inner-container is-layout-flow wp-block-group-is-layout-flow\">\n<h2 class=\"wp-block-heading\"><a href=\"https:\/\/www.russiansagainstthewar.se\/sv\/category\/meetup\/\">M\u00f6ten mellan volont\u00e4rer och kommitt\u00e9medlemmar<\/a><\/h2>\n\n\n\n<p>Om ni har id\u00e9er som ni vill implementera, information som ni vill dela eller bara en \u00f6nskan om att hj\u00e4lpa till, d\u00e5 kan ni bli volont\u00e4rer eller g\u00e5 med i v\u00e5r antikrigskommitt\u00e9. Det kommer att ge er m\u00f6jlighet att delta i v\u00e5r styrelse, f\u00f6resl\u00e5 nya projekt och implementera dem med v\u00e5rt st\u00f6d. Vi anordnar ofta m\u00f6ten d\u00e4r ni kan l\u00e4ra k\u00e4nna nuvarande volont\u00e4rer och medlemmar i kommitt\u00e9n, ta reda p\u00e5 mer om oss, diskutera era f\u00f6rslag och bara umg\u00e5s med likasinnade.<\/p>\n<\/div><\/div>\n<\/div><figure class=\"wp-block-media-text__media\"><a href=\"https:\/\/www.russiansagainstthewar.se\/sv\/category\/meetup\/\"><img loading=\"lazy\" decoding=\"async\" width=\"1024\" height=\"1024\" src=\"https:\/\/www.russiansagainstthewar.se\/wp-content\/uploads\/2025\/05\/events-meetups-1024x1024.png\" alt=\"\" class=\"wp-image-4243 size-medium\" srcset=\"https:\/\/www.russiansagainstthewar.se\/wp-content\/uploads\/2025\/05\/events-meetups-1024x1024.png 1024w, https:\/\/www.russiansagainstthewar.se\/wp-content\/uploads\/2025\/05\/events-meetups-300x300.png 300w, https:\/\/www.russiansagainstthewar.se\/wp-content\/uploads\/2025\/05\/events-meetups-150x150.png 150w, https:\/\/www.russiansagainstthewar.se\/wp-content\/uploads\/2025\/05\/events-meetups-768x768.png 768w, https:\/\/www.russiansagainstthewar.se\/wp-content\/uploads\/2025\/05\/events-meetups-12x12.png 12w, https:\/\/www.russiansagainstthewar.se\/wp-content\/uploads\/2025\/05\/events-meetups-430x430.png 430w, https:\/\/www.russiansagainstthewar.se\/wp-content\/uploads\/2025\/05\/events-meetups-255x255.png 255w, https:\/\/www.russiansagainstthewar.se\/wp-content\/uploads\/2025\/05\/events-meetups-90x90.png 90w, https:\/\/www.russiansagainstthewar.se\/wp-content\/uploads\/2025\/05\/events-meetups.png 1080w\" sizes=\"auto, (max-width: 1024px) 100vw, 1024px\" \/><\/a><\/figure><\/div>\n\n\n\n<div style=\"height:20px\" aria-hidden=\"true\" class=\"wp-block-spacer\"><\/div>\n\n\n\n<div class=\"wp-block-media-text alignwide is-stacked-on-mobile\" style=\"grid-template-columns:25% auto\"><figure class=\"wp-block-media-text__media\"><a href=\"https:\/\/www.russiansagainstthewar.se\/sv\/category\/letter-to-political-prisoner\/\"><img loading=\"lazy\" decoding=\"async\" width=\"300\" height=\"300\" src=\"https:\/\/www.russiansagainstthewar.se\/wp-content\/uploads\/2022\/10\/events-letter-300x300.png\" alt=\"\" class=\"wp-image-2920 size-medium\" srcset=\"https:\/\/www.russiansagainstthewar.se\/wp-content\/uploads\/2022\/10\/events-letter-300x300.png 300w, https:\/\/www.russiansagainstthewar.se\/wp-content\/uploads\/2022\/10\/events-letter-150x150.png 150w, https:\/\/www.russiansagainstthewar.se\/wp-content\/uploads\/2022\/10\/events-letter-12x12.png 12w, https:\/\/www.russiansagainstthewar.se\/wp-content\/uploads\/2022\/10\/events-letter-430x430.png 430w, https:\/\/www.russiansagainstthewar.se\/wp-content\/uploads\/2022\/10\/events-letter-255x255.png 255w, https:\/\/www.russiansagainstthewar.se\/wp-content\/uploads\/2022\/10\/events-letter-90x90.png 90w, https:\/\/www.russiansagainstthewar.se\/wp-content\/uploads\/2022\/10\/events-letter.png 756w\" sizes=\"auto, (max-width: 300px) 100vw, 300px\" \/><\/a><\/figure><div class=\"wp-block-media-text__content\">\n<div class=\"wp-block-group\"><div class=\"wp-block-group__inner-container is-layout-flow wp-block-group-is-layout-flow\">\n<h2 class=\"wp-block-heading\"><a href=\"https:\/\/www.russiansagainstthewar.se\/sv\/category\/letter-to-political-prisoner\/\">Brevskrivningskv\u00e4ll till politiska f\u00e5ngar<\/a><\/h2>\n\n\n\n<p>Vi brukar m\u00f6tas f\u00f6r att skriva brev till politiska f\u00e5ngar i Ryssland och Belarus. Att f\u00e5 brev betyder det att man \u00e4r ih\u00e5gkommen, att man f\u00f6ljer personens \u00f6de. Denna str\u00f6m av brev ses av personalen p\u00e5 f\u00e4ngelset eller h\u00e4ktet - f\u00f6r dem \u00e4r det ett tecken att man inte f\u00e5r skada eller d\u00f6da en m\u00e4nniska. Brev till politiska f\u00e5ngar \u00e4r en s\u00e4rskild genre och vi \u00e4r bra p\u00e5 den. Vi kommer att f\u00f6resl\u00e5 vem man kan skriva till och hur man kan g\u00f6ra det samt svara p\u00e5 eventuella fr\u00e5gor. Om ni \u00e4r r\u00e4dda att signera breven med ert namn kan man skriva anonymt. Det \u00e4r inte straffbart, helt s\u00e4kert och v\u00e4ldigt viktigt \u00e5tminstone f\u00f6r n\u00e5gra m\u00e4nniskor.<\/p>\n<\/div><\/div>\n<\/div><\/div>","protected":false},"excerpt":{"rendered":"<p>\u041e\u0434\u043d\u0430 \u0438\u0437 \u043d\u0430\u0448\u0438\u0445 \u0437\u0430\u0434\u0430\u0447 \u2014 \u043e\u0431\u044a\u0435\u0434\u0438\u043d\u044f\u0442\u044c \u043b\u044e\u0434\u0435\u0439, \u043a\u043e\u0442\u043e\u0440\u044b\u0435 \u043f\u0440\u043e\u0442\u0438\u0432 \u0432\u043e\u0439\u043d\u044b \u0440\u0430\u0437\u0432\u044f\u0437\u0430\u043d\u043d\u043e\u0439 \u0420\u043e\u0441\u0441\u0438\u0435\u0439, \u0432 \u0428\u0432\u0435\u0446\u0438\u0438 \u0438 \u043f\u043e \u0432\u0441\u0435\u043c\u0443 \u043c\u0438\u0440\u0443. \u041c\u044b \u0432\u0435\u0440\u0438\u043c, \u0447\u0442\u043e \u043d\u0430\u043b\u0430\u0436\u0438\u0432\u0430\u043d\u0438\u0435 \u0433\u043e\u0440\u0438\u0437\u043e\u043d\u0442\u0430\u043b\u044c\u043d\u044b\u0445 \u0441\u0432\u044f\u0437\u0435\u0439, \u0432\u0437\u0430\u0438\u043c\u043e\u043f\u043e\u043c\u043e\u0449\u044c \u0438 \u043f\u043e\u0434\u0434\u0435\u0440\u0436\u043a\u0430 \u2014 \u043a\u043b\u044e\u0447\u0435\u0432\u044b\u0435 \u044d\u043b\u0435\u043c\u0435\u043d\u0442\u044b [&hellip;]<\/p>","protected":false},"author":4,"featured_media":0,"parent":0,"menu_order":0,"comment_status":"closed","ping_status":"closed","template":"","meta":{"_mi_skip_tracking":false,"_monsterinsights_sitenote_active":false,"_monsterinsights_sitenote_note":"","_monsterinsights_sitenote_category":0,"footnotes":""},"class_list":["post-2583","page","type-page","status-publish","hentry"],"aioseo_notices":[],"_links":{"self":[{"href":"https:\/\/www.russiansagainstthewar.se\/sv\/wp-json\/wp\/v2\/pages\/2583","targetHints":{"allow":["GET"]}}],"collection":[{"href":"https:\/\/www.russiansagainstthewar.se\/sv\/wp-json\/wp\/v2\/pages"}],"about":[{"href":"https:\/\/www.russiansagainstthewar.se\/sv\/wp-json\/wp\/v2\/types\/page"}],"author":[{"embeddable":true,"href":"https:\/\/www.russiansagainstthewar.se\/sv\/wp-json\/wp\/v2\/users\/4"}],"replies":[{"embeddable":true,"href":"https:\/\/www.russiansagainstthewar.se\/sv\/wp-json\/wp\/v2\/comments?post=2583"}],"version-history":[{"count":8,"href":"https:\/\/www.russiansagainstthewar.se\/sv\/wp-json\/wp\/v2\/pages\/2583\/revisions"}],"predecessor-version":[{"id":4244,"href":"https:\/\/www.russiansagainstthewar.se\/sv\/wp-json\/wp\/v2\/pages\/2583\/revisions\/4244"}],"wp:attachment":[{"href":"https:\/\/www.russiansagainstthewar.se\/sv\/wp-json\/wp\/v2\/media?parent=2583"}],"curies":[{"name":"wp","href":"https:\/\/api.w.org\/{rel}","templated":true}]}}