{"id":2470,"date":"2022-07-29T11:41:58","date_gmt":"2022-07-29T09:41:58","guid":{"rendered":"https:\/\/www.russiansagainstthewar.se\/?page_id=2470"},"modified":"2024-01-19T00:43:43","modified_gmt":"2024-01-18T22:43:43","slug":"rapport-rysk-opposition-under-kriget-med-ukraina","status":"publish","type":"page","link":"https:\/\/www.russiansagainstthewar.se\/sv\/rapport-rysk-opposition-under-kriget-med-ukraina\/","title":{"rendered":"Presentation om Rysk opposition i Riksdagen"},"content":{"rendered":"<p><em>Pavel Chuprunov<\/em>, <em>6 april 2022<\/em><\/p>\n\n\n\n<br>\n\n\n\n<p>Eftersom tiden f\u00f6r mitt framtr\u00e4dande inte till\u00e5ter mig att helt t\u00e4cka \u00e4mnet f\u00f6r v\u00e5r seminarium, vill jag h\u00e4r ocks\u00e5 ge en komprimerad version p\u00e5 tre sidor av min rapport \u201cRysk opposition under kriget med Ukraina 2022\u201d.<\/p>\n\n\n\n<h2 class=\"wp-block-heading\">Hur ser oppositionen ut idag?<\/h2>\n\n\n\n<p>Den organiserade oppositionen i Ryssland har upph\u00f6rt att existera. Som exempel kan n\u00e4mnas f\u00f6rbudet mot Navalnyjs stab (Antikorruptionsfonden) och avvecklingen av r\u00f6relsen Ett \u00f6ppet Ryssland. I \u00f6vrigt \u00e4r oppositionen decentraliserad.<\/p>\n\n\n\n<ul class=\"wp-block-list\">\n<li>Dissidenter. Dessa befinner sig under oerh\u00f6rd politisk press. Ett exempel \u00e4r den demokratiska ungdomsr\u00f6relsen V\u00e5ren, men det finns \u00e4ven andra aktivister fr\u00e5n olika oppositionella sammanslutningar som inte \u00e4r f\u00f6retr\u00e4dda i det politiska systemet. Endast ytterst f\u00e5 mediapersonligheter med oppositionella \u00e5sikter \u00e4r idag p\u00e5 fri fot i Ryssland, men till dessa kan man r\u00e4kna lokalpolitikern Ilja Jasjin och statsvetaren Jekaterina Schulmann.<\/li>\n\n\n\n<li>Oppositionella regionalpolitiker. Enskilda politiker forts\u00e4tter sitt arbete ute i regionerna inom ramarna f\u00f6r det politiska systemet.<\/li>\n\n\n\n<li>Oppositionella studenter och enskilda intellektuella i Moskva, Sankt Petersburg och andra st\u00f6rre ryska st\u00e4der.<\/li>\n\n\n\n<li>Den heterogena politiska emigrationen, s\u00e5som Forum f\u00f6r ett fritt Ryssland.<\/li>\n<\/ul>\n\n\n\n<h2 class=\"wp-block-heading\">Vilka m\u00f6jligheter har den ryska oppositionen att verka?<\/h2>\n\n\n\n<ul class=\"wp-block-list\">\n<li>Genom upplysningsevenemang: f\u00f6rel\u00e4sningar, seminarier, debatter om lokalt sj\u00e4lvstyre och om politisk teori, praktik och kultur.<\/li>\n\n\n\n<li>Genom att f\u00f6rmedla sanning fr\u00e5n utlandet. De delar av opposition som befinner sig utomlands kan fungera som en dialogpartner och och avsl\u00f6ja Putins propaganda, vilket vill s\u00e4ga att den kan tala om och visa p\u00e5 s\u00e5dant som inte ostraffat kan diskuteras i Ryssland. Arbetet sker genom sociala n\u00e4tverk och messengertj\u00e4nster.<\/li>\n\n\n\n<li>Genom gr\u00e4srotsf\u00f6reningar p\u00e5 kommun- och kvartersniv\u00e5. Detta arbete kan delvis bedrivas riskfritt om man inte talar h\u00f6gt om sin politiska st\u00e5ndpunkt. Exempel \u00e4r (1) stadsplaneringsprojekt, (2) insamlingar av underskrifter f\u00f6r upprop, (3) brev och f\u00f6rfr\u00e5gningar till myndigheter, (4) offentliga diskussioner och utfr\u00e5gningar, men ocks\u00e5 (5) arbete i regionala gr\u00e4srotsorganisationer som inom ramarna f\u00f6r det politiska systemet \u00e4nd\u00e5 i n\u00e5gon grad kunnat f\u00f6rbli tillr\u00e4kneliga. Oppositionen beh\u00f6ver s\u00f6ka allierade bland lojalister vad g\u00e4ller specifika kontexter och fr\u00e5gor i hopp om vidareutveckla kontakterna l\u00e4ngre fram.<\/li>\n\n\n\n<li>De politiska institutionerna har emellertid f\u00f6rst\u00f6rts. Valen \u00e4r riggade, all oberoende journalistik har st\u00e4ngts ned etc. Kvar finns \u00e4nnu kampen f\u00f6r m\u00e4nskliga r\u00e4ttigheter och volont\u00e4rsarbete. Samtidigt har merparten m\u00e4nniskor\u00e4ttsprojekt f\u00f6rklarats vara utl\u00e4ndska agenter. Detta har gjort deras arbete sv\u00e5rare, men det m\u00f6jligg\u00f6r p\u00e5 samma g\u00e5ng \u00f6ppen finansiering av dem fr\u00e5n utlandet. S\u00e5dan finansiering saknar de normalt nu, eftersom de f\u00f6rklarats vara utl\u00e4ndska agenter p\u00e5 grundval av fabricerade uppgifter.<\/li>\n\n\n\n<li>Demonstrationer fungerar inte. Att \u00f6ppet organisera demonstrationer och gatuaktioner mer eller mindre garanterar \u00e5tal f\u00f6r brottsm\u00e5l f\u00f6r arrang\u00f6rerna. Mot aktionsdeltagare vidtas i st\u00e4llet r\u00e4ttsliga \u00e5tg\u00e4rder f\u00f6r \u00f6vertr\u00e4delser av myndighetsp\u00e5bud. (De kan emellertid ocks\u00e5 uts\u00e4ttas f\u00f6r p\u00e5tryckningar som kan g\u00e5 s\u00e5 l\u00e5ngt att de s\u00e4gs upp upp fr\u00e5n sitt arbete.) Sedan kriget i Ukraina br\u00f6t ut har mer \u00e4n 20 000 personer gripits.<\/li>\n<\/ul>\n\n\n\n<h2 class=\"wp-block-heading\">Hur kan v\u00e4stv\u00e4rlden bist\u00e5 utan att det leder till \u00f6kade risker?<\/h2>\n\n\n\n<p>\u041f\u0435\u0440\u0432\u044b\u0435 \u043f\u044f\u0442\u044c \u043f\u0443\u043d\u043a\u0442\u043e\u0432 \u043f\u043e\u0432\u044b\u0448\u0430\u044e\u0442 \u043d\u0430\u0446\u0438\u043e\u043d\u0430\u043b\u044c\u043d\u0443\u044e \u0431\u0435\u0437\u043e\u043f\u0430\u0441\u043d\u043e\u0441\u0442\u044c \u0428\u0432\u0435\u0446\u0438\u0438 \u0438 \u0443\u043c\u0435\u043d\u044c\u0448\u0430\u0442 \u0440\u0438\u0441\u043a\u0438 \u0432\u043b\u0438\u044f\u043d\u0438\u044f \u043f\u0443\u0442\u0438\u043d\u0441\u043a\u043e\u0433\u043e \u0440\u0435\u0436\u0438\u043c\u0430 \u043d\u0430 \u0440\u0443\u0441\u0441\u043a\u043e\u044f\u0437\u044b\u0447\u043d\u044b\u0445 \u0436\u0438\u0442\u0435\u043b\u0435\u0439 \u0428\u0432\u0435\u0446\u0438\u0438. \u0418 \u0432 \u0441\u043b\u0443\u0447\u0430\u0435 \u0432\u043e\u0439\u043d\u044b \u0441 \u041f\u0443\u0442\u0438\u043d\u044b\u043c \u0428\u0432\u0435\u0446\u0438\u044f \u043d\u0435 \u043f\u043e\u043b\u0443\u0447\u0438\u0442 \u201c\u043d\u0435\u043e\u0436\u0438\u0434\u0430\u043d\u043d\u043e\u201d \u0441\u043f\u044f\u0449\u0438\u0445 \u0430\u0433\u0435\u043d\u0442\u043e\u0432 \u0432 \u043b\u0438\u0446\u0435 \u0440\u0443\u0441\u0441\u043a\u043e\u044f\u0437\u044b\u0447\u043d\u044b\u0445 \u0436\u0438\u0442\u0435\u043b\u0435\u0439 \u0428\u0432\u0435\u0446\u0438\u0438. \u041d\u0430\u0433\u043b\u044f\u0434\u043d\u044b\u0439 \u043f\u0440\u0438\u043c\u0435\u0440 \u0441\u043f\u044f\u0449\u0438\u0445 \u0430\u0433\u0435\u043d\u0442\u043e\u0432 \u044d\u0442\u043e \u0440\u0443\u0441\u0441\u043a\u043e-\u0448\u0432\u0435\u0434\u0441\u043a\u0430\u044f \u043e\u0440\u0433\u0430\u043d\u0438\u0437\u0430\u0446\u0438\u044f \u201cSputnik\u201d \u0432 \u041b\u044e\u043b\u0435\u043e &#8211; \u0441 \u043a\u043e\u0442\u043e\u0440\u043e\u0439 \u0441\u0435\u0439\u0447\u0430\u0441 \u0437\u0430\u043a\u0440\u044b\u043b\u0438 \u043e\u0442\u043d\u043e\u0448\u0435\u043d\u0438\u044f ABF \u0438 \u043c\u0435\u0441\u0442\u043d\u0430\u044f \u043a\u043e\u043c\u043c\u0443\u043d\u0430.<\/p>\n\n\n\n<ol class=\"wp-block-list\">\n<li>fr\u00e4mja bildandet av ryskspr\u00e5kiga mediaresurser (som eventuellt kan vara samnordiska) som kan st\u00e5 emot Putins propaganda. Exempelvis kan Sveriges Radios ryskspr\u00e5kiga s\u00e4ndningar\nutvecklas, men ocks\u00e5 andra oberoende ryskspr\u00e5kiga medier. Media beh\u00f6ver ge en bild av \u00bbett annat Ryssland\u00bb med exempel p\u00e5 enskilda ryska medborgare som arbetar p\u00e5 lokal niv\u00e5 och h\u00f6jer niv\u00e5n p\u00e5 den politiska kulturen i det ryska samh\u00e4llet;<\/li>\n\n\n\n<li>st\u00f6dja projekt inom ramarna f\u00f6r en nationell kulturpolitik, som syftar till att (1) skapa en icke-sovjetisk europeisk identitet bland ryskspr\u00e5kiga, (2) integrera ryssar i den gemensamma europeiska v\u00e4rlden p\u00e5 ett sociokulturellt och v\u00e4rderingsm\u00e4ssigt plan;<\/li>\n\n\n\n<li>utvidga samarbetet med den ryska och rysktalande diasporan (vilket inkluderar politiska emigranter). Som exempel p\u00e5 emigrantsammanslutningar kan n\u00e4mnas Antikrigskommitt\u00e9n i Sverige \u00bbRyssar mot kriget\u00bb, i vilken jag sj\u00e4lv medverkar. Att samarbeta och interagera med dem och att st\u00f6dja dem med information kommer att hj\u00e4lpa r\u00f6relser inom den rysktalande diasporan i Sverige (och i f\u00f6rl\u00e4ngningen i hela Europa) att f\u00f6rvandlas till en kraft f\u00f6r att bek\u00e4mpa Putins propaganda men det kommer ocks\u00e5 att bidra till ett riktat st\u00f6d f\u00f6r aktivister i Ryska Federationen;<\/li>\n\n\n\n<li>bringa Putinregimens viktigaste medel f\u00f6r \u00bbmjuk makt\u00bb under kontroll. Ett instrument med liknande syfte finns redan i Australien lag om utl\u00e4ndsk intervention (mjuk makt och lobbyverksamhet) fr\u00e5n kinesiskt h\u00e5ll. Daniel Stenling, som \u00e4r chef f\u00f6r S\u00e4kerhetspolisens kontraspionage, har sagt att dess arbete bland annat g\u00e5r ut p\u00e5 att motverka ryska underr\u00e4ttelseagenters och rekryterade agenters verksamhet i Sverige. Kontroll av olika kanaler f\u00f6r \u00bbsoft power\u00bb kommer att vara till hj\u00e4lp \u00e4ven f\u00f6r svenskt kontraspionage;<\/li>\n\n\n\n<li>medverka till att skapa en anti-Putinkoalition p\u00e5 internationell niv\u00e5 som inkluderar representanter f\u00f6r den ryska och belarusiska oppositionen. Genom detta vidgas de politiska, ekonomiska och kulturella f\u00f6rbindelser f\u00f6r \u00e5tminstone Skandinaviens och \u00d6steuropas vidkommande, och ett skyddsn\u00e4t skapas som kompletterar NATO:s och EU:s system;<\/li>\n\n\n\n<li>\u041f\u0435\u0440\u0441\u043e\u043d\u0430\u043b\u044c\u043d\u044b\u0435 \u0441\u0430\u043d\u043a\u0446\u0438\u0438. \u0411\u043e\u0440\u044c\u0431\u0430 \u0441 \u0440\u043e\u0441\u0441\u0438\u0439\u0441\u043a\u043e\u0439 \u043a\u043e\u0440\u0440\u0443\u043f\u0446\u0438\u0435\u0439 \u0432 \u0437\u0430\u043f\u0430\u0434\u043d\u044b\u0445 \u0441\u0442\u0440\u0430\u043d\u0430\u0445 \u043e\u0447\u0435\u043d\u044c \u0432\u0430\u0436\u043d\u0430. \u041d\u0435\u043e\u0431\u0445\u043e\u0434\u0438\u043c\u043e \u043f\u0440\u043e\u0434\u043e\u043b\u0436\u0430\u0442\u044c \u0437\u0430\u043c\u043e\u0440\u0430\u0436\u0438\u0432\u0430\u0442\u044c \u0432\u0441\u0451 \u0438\u043c\u0443\u0449\u0435\u0441\u0442\u0432\u043e \u0438 \u0430\u0440\u0435\u0441\u0442\u043e\u0432\u044b\u0432\u0430\u0442\u044c \u0432\u0441\u0435 \u043d\u0435\u0437\u0430\u043a\u043e\u043d\u043d\u044b\u0435 \u0430\u043a\u0442\u0438\u0432\u044b \u0443 \u043e\u0442\u0434\u0435\u043b\u044c\u043d\u044b\u0445 \u0433\u0440\u0430\u0436\u0434\u0430\u043d \u0420\u0424, \u0430 \u0438\u043c\u0435\u043d\u043d\u043e &#8211; \u044d\u0442\u043e \u043b\u044e\u0434\u0438 \u0438\u0437 \u043e\u043a\u0440\u0443\u0436\u0435\u043d\u0438\u044f \u041f\u0443\u0442\u0438\u043d\u0430 \u0438 \u043b\u044e\u0434\u0438 \u0438\u0437 <a href=\"#list\" title=\"\u00bbPutinlista\u00bb\">\u00bbPutinlista\u00bb<\/a> som jag inkommit med separat. Personliga sanktioner kommer att g\u00f6ra klart f\u00f6r det ryska samh\u00e4llet att EU och NATO inte \u00e4r emot samh\u00e4llet som s\u00e5dant, utan mot de konkreta individer som f\u00f6tt och fostrat och nu st\u00f6der Putinsystemet.<\/li>\n\n\n\n<li>Vad g\u00e4ller sanktioner mot export till Ryssland drabbar dessa f\u00f6rst och fr\u00e4mst de mest utsatta delarna av samh\u00e4llet (personer som \u00e4r beroende av europeiska l\u00e4kemedel samt de fattigaste delarna av befolkningen). De rika samh\u00e4llsskikten kan alltid l\u00e4mna Ryssland eller skaffa det de beh\u00f6ver genom smuggling. Sanktioner mot export till Ryssland av s\u00e5dana produkter som det finns brett allm\u00e4nt behov av bidrar till hat mot EU och NATO bland vanliga ryska medborgare (ett hat som visserligen skapas av Putins propagandister). Som ett resultat ser vi en artificiellt \u00f6kande lojalitet mot Putins regim. Vi k\u00e4nner inte till vad de 140 miljonerna ryska medborgare egentligen tycker. Det g\u00e5r n\u00e4mligen inte att s\u00e4tta n\u00e5gon tro till opinionsunders\u00f6kningar: n\u00e4r yttrandefriheten \u00e4r helt undertryckt \u00e4r m\u00e4nniskor r\u00e4dda f\u00f6r att ge uttryck \u00e5t sina verkliga \u00e5sikter. Dessutom f\u00f6rfalskas omr\u00f6stningarna och genomf\u00f6rs samtidigt som det inf\u00f6rs straffr\u00e4ttsliga p\u00e5f\u00f6ljder f\u00f6r uttryck av missn\u00f6je med kriget.<\/li>\n\n\n\n<li>Vad betr\u00e4ffar sanktioner mot import fr\u00e5n Ryssland f\u00f6rh\u00e5ller det sig annorlunda. Det \u00e4r helt n\u00f6dv\u00e4ndigt att helt avst\u00e5 fr\u00e5n ink\u00f6p av energiresurser fr\u00e5n Ryssland. De baltiska staterna har redan avst\u00e5tt fr\u00e5n rysk gas. Sj\u00e4lvfallet kommer detta att vara sv\u00e5rt och det kommer att drabba de politiska partiernas popularitetssiffror, men negativa ekonomiska konsekvenser p\u00e5 kort sikt \u00e4r att f\u00f6redra framf\u00f6r \u00e4nnu fler m\u00e4nskliga offer. Som Sveriges klimat- och milj\u00f6minister Annika Strandh\u00e4ll s\u00e4ger, \u00e4r Sverige f\u00f6r \u00f6vrigt praktiskt taget oberoende av rysk olje- och gasimport. Men n\u00e5got m\u00e5ste g\u00f6ras omg\u00e5ende. Idag g\u00e5r all vinst till Putins krig med Ukraina.<\/li>\n\n\n\n<li>Diplomatiska p\u00e5tryckningar p\u00e5 Putin. Det minsta som de europeiska l\u00e4ndernas parlament kan g\u00f6ra \u00e4r att uttrycka symboliskt st\u00f6d f\u00f6r den ryska oppositionen, f\u00f6rd\u00f6ma politiskt f\u00f6rtryck, aktioner mot oppositionens protester och andra uppenbara kr\u00e4nkningar av de m\u00e4nskliga r\u00e4ttigheterna i Ryssland. \u00d6nskv\u00e4rt \u00e4r att man ocks\u00e5 utvisar ryska diplomater vid misstanke om spionage. Nederl\u00e4nderna, Belgien, Irland, Tjeckien, Tyskland och Frankrike har redan gjort detta, och Sverige har f\u00f6rvisso s\u00e4llat sig till deras skara, men \u00e4nnu i otillr\u00e4cklig omfattning. Jag f\u00f6rst\u00e5r att det \u00e4r viktigt f\u00f6r Sverige att ambassaden i Moskva fungerar f\u00f6r att man skall kunna st\u00f6dja goda krafter, men detta \u00e4r inte v\u00e4rt massgravarna och de d\u00f6da kropparna p\u00e5 Butjas\ngator. L\u00e5t mig p\u00e5minna om att v\u00e4rlden en g\u00e5ng inte ville tro p\u00e5 F\u00f6rintelsen i Tyskland. Hur l\u00e5ng\ntid kr\u00e4vs f\u00f6r att man skall tro p\u00e5 satellitbilderna fr\u00e5n Butja?<\/li>\n\n\n\n<li>Vidare beh\u00f6ver olika utbildningsaktioner genomf\u00f6ras. F\u00f6r dem som stannat kvar i Ryssland\nfinns ett stort behov av seminarier om icke-v\u00e5ldsamma metoder f\u00f6r politisk kamp och seminarier som syftar till att h\u00f6ja den politiska kulturen. Den ryska oppositionen beh\u00f6ver vidare bekanta sig med europeisk politisk praxis. Den ryssl\u00e4ndska oppositionens st\u00f6rsta problem \u00e4r dess ytterst begr\u00e4nsade n\u00e4rvaro i lagstiftande och verkst\u00e4llande politiska organ, och s\u00e5 har det varit i mer \u00e4n 20 \u00e5r. Oppositionen omfattar d\u00e4rf\u00f6r inte personer med erfarenhet av offentlig f\u00f6rvaltning, och f\u00f6r oppositionen \u00e4r v\u00e4gen till de verkst\u00e4llande myndigheterna helt sp\u00e4rrad.<\/li>\n\n\n\n<li>Ryssl\u00e4ndska medborgare beh\u00f6ver gratis tillg\u00e5ng till VPN-tj\u00e4nster. Det \u00e4r en enorm m\u00e4ngd information som gemene man saknar tillg\u00e5ng till, eftersom oberoende medier, sociala n\u00e4tverk och messengertj\u00e4nster \u00e4r blockerade i Ryska Federationen. VPN \u00e4r f\u00f6r n\u00e4rvarande det enda s\u00e4ttet att f\u00e5 tillg\u00e5ng till sanningen om vad som h\u00e4nder. De flesta tj\u00e4nster av detta slag \u00e4r emellertid betaltj\u00e4nster och de ger dessutom inte sekretess.<\/li>\n\n\n\n<li>Ryska flyktingar beh\u00f6ver hj\u00e4lp. Tiotusentals ryska medborgare har l\u00e4mnat sitt land och flytt till Armenien, Georgien och Turkiet. Majoriteten av dessa \u00e4r oppositionellt sinnade ungdomar som \u00e4r redo att bek\u00e4mpa Putins regim. De h\u00e4r l\u00e4nderna \u00e4r emellertid inte s\u00e4kra f\u00f6r dem, eftersom Ryska Federationen har ett f\u00f6r stort inflytande d\u00e4r. Det b\u00f6r f\u00f6r \u00f6vrigt s\u00e4rskilt understrykas att ryssl\u00e4ndska medborgare som s\u00f6kt skydd i Ukraina ocks\u00e5 \u00e4r offer f\u00f6r kriget och b\u00f6r garanteras r\u00e4tt till asyl och tillf\u00e4lligt skydd enligt massflyktsdirektivet.<\/li>\n\n\n\n<li>Migrationsverkets internutbildning om Ryssland b\u00f6r p\u00e5byggas. Jag \u00e4r villig att personligen bist\u00e5 Migrationsverket i arbetet med politiska flyktingar fr\u00e5n Ryska Federationen genom att till exempel bidra med r\u00e5d om oppositionella organisationer och individer. Lustigt nog f\u00e5r man en k\u00e4nsla av att Migrationsverket arbetar f\u00f6r Putins Ryssland i det att det inte bed\u00f6mer den politiska situationen i Ryssland p\u00e5 ett objektivt s\u00e4tt. Man skickar ryska flyktingar tillbaka till Ryska Federationen s\u00e5 att de direkt hamnar i ryskt f\u00e4ngelse. Om EU:s och NATO:s medlemsl\u00e4nder skulle bli b\u00e4ttre p\u00e5 att hj\u00e4lpa ryska politiska aktivister som har tvingats att fly fr\u00e5n Ryssland skulle detta uppmuntra fler i Ryssland att protestera mot kriget.<\/li>\n<\/ol>\n\n\n\n<p>Vid behov kan jag bist\u00e5 inom ovanst\u00e5ende omr\u00e5den, liksom i alla andra fall d\u00e4r det kan anses l\u00e4mpligt.<\/p>\n\n\n\n<h2 class=\"wp-block-heading\">Kommer kriget i Ukraina att ge oppositionen en impuls f\u00f6r att flytta fram sina positioner?<\/h2>\n\n\n\n<p>Inom den n\u00e4rmaste framtiden kommer vi <strong>inte<\/strong>att se n\u00e5gon s\u00e5dan impuls. Kriget \u00e4r f\u00f6rvisso en destabiliserande faktor f\u00f6r Putinregimen (d\u00e5 det leder till sociala problem, skapar nya fiender till Putin inom landets gr\u00e4nser, utarmar befolkningen m.m.), men kriget leder inte till n\u00e5gon \u00f6kning av protesterna i Ryssland. Det finns f\u00f6rvisso en antikrigsr\u00f6relse i Ryssland, men den repressiva apparaten har varit p\u00e5 plats i m\u00e5nga \u00e5r, och f\u00f6r varje \u00e5r blir den alltmer effektiv. Den \u00e4r m\u00e5ngfaldigt starkare \u00e4n protestens r\u00f6st, och Ryssland har nya och \u00e5ter nya slags f\u00f6rtryck framf\u00f6r sig. Det snabbaste s\u00e4ttet, det enklaste och det mest avsl\u00f6jande \u00e4r personliga sanktioner. Krigets f\u00f6r\u00f6vare i Ryssland har <strong>specifika ansikten <\/strong>, det \u00e4r de som fostrat och underst\u00f6tt Putinsystemet i \u00e5ratal. Jag ber er d\u00e4rf\u00f6r att \u00e4gna s\u00e4rskild uppm\u00e4rksamhet \u00e5t \u00bbPutinlistan\u00bb (Sanktionslista).<\/p>\n\n\n\n<h2 class=\"wp-block-heading\" id=\"list\">Sanktionslista<\/h2>\n\n\n\n<ul class=\"wp-block-list\">\n<li>ryska h\u00f6gskole- och universitetsrektorer som undertecknat upprop till st\u00f6d f\u00f6r aggressionen mot Ukraina<\/li>\n\n\n\n<li>k\u00e4nda ryssar som st\u00f6der invasionen i Ukraina (26 personer)<\/li>\n\n\n\n<li>ryska idrottsm\u00e4n som st\u00f6der invasionen i Ukraina (16 personer)<\/li>\n\n\n\n<li>ryska kulturarbetare som undertecknat brev till st\u00f6d f\u00f6r Putins aggression mot Ukraina och\nmassmordet p\u00e5 ukrainsk civilbefolkning (155 personer)<\/li>\n<\/ul>\n\n\n\n<style>\nh2 {font-size: 24px; line-height: 1.5}\n<\/style>","protected":false},"excerpt":{"rendered":"<p>\u041f\u0430\u0432\u0435\u043b \u0427\u0443\u043f\u0440\u0443\u043d\u043e\u0432, 6 \u0430\u043f\u0440\u0435\u043b\u044f 2022 \u0422\u0430\u043a \u043a\u0430\u043a \u0432\u0440\u0435\u043c\u044f \u043c\u043e\u0435\u0433\u043e \u0432\u044b\u0441\u0442\u0443\u043f\u043b\u0435\u043d\u0438\u044f \u043d\u0435 \u0434\u0430\u0451\u0442 \u043f\u043e\u043b\u043d\u043e\u0441\u0442\u044c\u044e \u043e\u0445\u0432\u0430\u0442\u0438\u0442\u044c \u0442\u0435\u043c\u0443 \u043d\u0430\u0448\u0435\u0433\u043e \u0441\u0435\u043c\u0438\u043d\u0430\u0440\u0430, \u044f \u043f\u0440\u0435\u0434\u043e\u0441\u0442\u0430\u0432\u0438\u043b \u0432\u0430\u043c \u0441\u0436\u0430\u0442\u044b\u0439 \u0432\u0430\u0440\u0438\u0430\u043d\u0442 \u043c\u043e\u0435\u0433\u043e \u0434\u043e\u043a\u043b\u0430\u0434\u0430 \u201c\u0420\u043e\u0441\u0441\u0438\u0439\u0441\u043a\u0430\u044f \u043e\u043f\u043f\u043e\u0437\u0438\u0446\u0438\u044f \u0432 \u0443\u0441\u043b\u043e\u0432\u0438\u044f\u0445 \u0432\u043e\u0439\u043d\u044b \u0441 [&hellip;]<\/p>","protected":false},"author":3,"featured_media":0,"parent":0,"menu_order":0,"comment_status":"closed","ping_status":"closed","template":"","meta":{"_mi_skip_tracking":false,"_monsterinsights_sitenote_active":false,"_monsterinsights_sitenote_note":"","_monsterinsights_sitenote_category":0,"footnotes":""},"class_list":["post-2470","page","type-page","status-publish","hentry"],"aioseo_notices":[],"_links":{"self":[{"href":"https:\/\/www.russiansagainstthewar.se\/sv\/wp-json\/wp\/v2\/pages\/2470","targetHints":{"allow":["GET"]}}],"collection":[{"href":"https:\/\/www.russiansagainstthewar.se\/sv\/wp-json\/wp\/v2\/pages"}],"about":[{"href":"https:\/\/www.russiansagainstthewar.se\/sv\/wp-json\/wp\/v2\/types\/page"}],"author":[{"embeddable":true,"href":"https:\/\/www.russiansagainstthewar.se\/sv\/wp-json\/wp\/v2\/users\/3"}],"replies":[{"embeddable":true,"href":"https:\/\/www.russiansagainstthewar.se\/sv\/wp-json\/wp\/v2\/comments?post=2470"}],"version-history":[{"count":16,"href":"https:\/\/www.russiansagainstthewar.se\/sv\/wp-json\/wp\/v2\/pages\/2470\/revisions"}],"predecessor-version":[{"id":3765,"href":"https:\/\/www.russiansagainstthewar.se\/sv\/wp-json\/wp\/v2\/pages\/2470\/revisions\/3765"}],"wp:attachment":[{"href":"https:\/\/www.russiansagainstthewar.se\/sv\/wp-json\/wp\/v2\/media?parent=2470"}],"curies":[{"name":"wp","href":"https:\/\/api.w.org\/{rel}","templated":true}]}}