{"id":2099,"date":"2022-04-07T15:02:22","date_gmt":"2022-04-07T14:02:22","guid":{"rendered":"https:\/\/www.russiansagainstthewar.se\/?page_id=2099"},"modified":"2023-01-30T22:30:24","modified_gmt":"2023-01-30T20:30:24","slug":"civil-society","status":"publish","type":"page","link":"https:\/\/www.russiansagainstthewar.se\/sv\/civil-society\/","title":{"rendered":"\u0413\u0440\u0430\u0436\u0434\u0430\u043d\u0441\u043a\u043e\u0435 \u043e\u0431\u0449\u0435\u0441\u0442\u0432\u043e \u0432 \u0420\u043e\u0441\u0441\u0438\u0438"},"content":{"rendered":"<div class=\"vc_row wpb_row vc_row-fluid mobile-pad\"><div class=\"container\"><div class=\"row\"><div class=\"wpb_column vc_column_container vc_col-sm-6\"><div class=\"vc_column-inner\"><div class=\"wpb_wrapper\">\n\t<div class=\"wpb_text_column wpb_content_element\" >\n\t\t<div class=\"wpb_wrapper\">\n\t\t\t<h4>Massmedia<\/h4>\n\n\t\t<\/div>\n\t<\/div>\n<div class=\"vc_tta-container\" data-vc-action=\"collapse\"><div class=\"vc_general vc_tta vc_tta-accordion vc_tta-color-grey vc_tta-style-classic vc_tta-shape-rounded vc_tta-o-shape-group vc_tta-controls-align-left\"><div class=\"vc_tta-panels-container\"><div class=\"vc_tta-panels\"><div class=\"vc_tta-panel vc_active vc_tta-accordion--logo vc_tta-accordion--novayagazeta\" id=\"1649336469717-797e3fc1-000a\" data-vc-content=\".vc_tta-panel-body\"><div class=\"vc_tta-panel-heading\"><h4 class=\"vc_tta-panel-title vc_tta-controls-icon-position-left\"><a href=\"#1649336469717-797e3fc1-000a\" data-vc-accordion data-vc-container=\".vc_tta-container\"><span class=\"vc_tta-title-text\">\u041d\u043e\u0432\u0430\u044f \u0433\u0430\u0437\u0435\u0442\u0430<\/span><i class=\"vc_tta-controls-icon vc_tta-controls-icon-plus\"><\/i><\/a><\/h4><\/div><div class=\"vc_tta-panel-body\">\n\t<div class=\"wpb_text_column wpb_content_element\" >\n\t\t<div class=\"wpb_wrapper\">\n\t\t\t<p>Den \u00e4ldsta oberoende tidningen i Ryssland, engagerad i journalistiska utredningar och k\u00e4nd f\u00f6r sin demokratiska inriktning. En av de sista oppositionspublikationerna, vars redaktion \u00e4r fysiskt bel\u00e4gen i Ryssland. \u00c5r 2021 tilldelades dess chefredakt\u00f6r Dmitrij Muratov Nobels fredspris. Under sitt arbete skadades eller d\u00f6dades m\u00e5nga journalister p\u00e5 Novaya Gazeta i samband med sin yrkesverksamhet, bland dem Anna Politkovskaja, Natalia Estimirova och Jurij Shchekochikhin.<\/p>\n<p>Hemsida: <a href=\"https:\/\/novayagazeta.ru\/\" target=\"_blank\" rel=\"noreferrer noopener nofollow\">https:\/\/novayagazeta.ru\/<\/a><\/p>\n\n\t\t<\/div>\n\t<\/div>\n<\/div><\/div><div class=\"vc_tta-panel vc_tta-accordion--logo vc_tta-accordion--meduza\" id=\"1649336469737-26c4431e-032e\" data-vc-content=\".vc_tta-panel-body\"><div class=\"vc_tta-panel-heading\"><h4 class=\"vc_tta-panel-title vc_tta-controls-icon-position-left\"><a href=\"#1649336469737-26c4431e-032e\" data-vc-accordion data-vc-container=\".vc_tta-container\"><span class=\"vc_tta-title-text\">\u041c\u0435\u0434\u0443\u0437\u0430<\/span><i class=\"vc_tta-controls-icon vc_tta-controls-icon-plus\"><\/i><\/a><\/h4><\/div><div class=\"vc_tta-panel-body\">\n\t<div class=\"wpb_text_column wpb_content_element\" >\n\t\t<div class=\"wpb_wrapper\">\n\t\t\t<p>En rysk onlinepublikation skapad av ett tidigare journalistiskt team Lenta.ru, ledd av Galina Timchenko 2014. Sedan b\u00f6rjan har den varit bel\u00e4gen i Riga. Det \u00e4r ett av de f\u00f6rsta projekten f\u00f6r \"journalistiken i exil\" efter annekteringen av Krim och den efterf\u00f6ljande begr\u00e4nsningen av yttrandefriheten i Ryssland. Det \u00e4r en av de mest popul\u00e4ra oberoende medierna p\u00e5 ryska. Enligt publikationens statistik i slutet av 2019 bes\u00f6ks meduza varje m\u00e5nad av mer \u00e4n 13,9 miljoner unika bes\u00f6kare och antalet visningar \u00f6verstiger 100 miljoner.<\/p>\n<p>Hemsida: <a href=\"https:\/\/meduza.io\/en\" target=\"_blank\" rel=\"noreferrer noopener nofollow\">https:\/\/meduza.io\/en<\/a><\/p>\n\n\t\t<\/div>\n\t<\/div>\n<\/div><\/div><div class=\"vc_tta-panel vc_tta-accordion--logo vc_tta-accordion--mediazona\" id=\"1649338200437-8f147723-5b67\" data-vc-content=\".vc_tta-panel-body\"><div class=\"vc_tta-panel-heading\"><h4 class=\"vc_tta-panel-title vc_tta-controls-icon-position-left\"><a href=\"#1649338200437-8f147723-5b67\" data-vc-accordion data-vc-container=\".vc_tta-container\"><span class=\"vc_tta-title-text\">\u041c\u0435\u0434\u0438\u0430\u0437\u043e\u043d\u0430<\/span><i class=\"vc_tta-controls-icon vc_tta-controls-icon-plus\"><\/i><\/a><\/h4><\/div><div class=\"vc_tta-panel-body\">\n\t<div class=\"wpb_text_column wpb_content_element\" >\n\t\t<div class=\"wpb_wrapper\">\n\t\t\t<p>Ryska onlinemedier, grundades 2014. Mediazona f\u00f6rljer Ryska federationens r\u00e4ttssystem, brottsbek\u00e4mpning och kriminalv\u00e5rdssystem samt sprider information om politisk f\u00f6rf\u00f6ljelse av medborgare och organisationer. En av pristagarna till utm\u00e4rkelsen \"Free Press of Eastern Europe\" (2020).<\/p>\n<p>Hemsida: <a href=\"https:\/\/zona.media\/\" target=\"_blank\" rel=\"noreferrer noopener nofollow\">https:\/\/zona.media\/<\/a><\/p>\n\n\t\t<\/div>\n\t<\/div>\n<\/div><\/div><div class=\"vc_tta-panel vc_tta-accordion--logo vc_tta-accordion--theinsider\" id=\"1649338272888-06dc682d-2cc3\" data-vc-content=\".vc_tta-panel-body\"><div class=\"vc_tta-panel-heading\"><h4 class=\"vc_tta-panel-title vc_tta-controls-icon-position-left\"><a href=\"#1649338272888-06dc682d-2cc3\" data-vc-accordion data-vc-container=\".vc_tta-container\"><span class=\"vc_tta-title-text\">The Insider<\/span><i class=\"vc_tta-controls-icon vc_tta-controls-icon-plus\"><\/i><\/a><\/h4><\/div><div class=\"vc_tta-panel-body\">\n\t<div class=\"wpb_text_column wpb_content_element\" >\n\t\t<div class=\"wpb_wrapper\">\n\t\t\t<p>Rysk onlinepublikation specialiserad p\u00e5 unders\u00f6kande journalistik. Projektet grundades av Roman Dobrokhotov 2014 och har funnits i Riga sedan det \u00f6ppnades. Samarbetar med den v\u00e4lk\u00e4nda brittiska n\u00e4ttidningen Bellingcat, som \u00e4ven \u00e4gnar sig \u00e5t unders\u00f6kande journalistik. Bland de v\u00e4lk\u00e4nda unders\u00f6kningarna av publikationen: f\u00f6rgiftningen av Sergei och Yulia Skripal 2018, Boeing 777-kraschen i Donetsk-regionen, f\u00f6rgiftningen av Alexei Navalny 2020, utredning om en explosion vid en ammunitionsdep\u00e5 i Tjeckien. The Insider har tilldelats Europar\u00e5dets World Forum for Democracy Innovation Award (2017), European Press Award (2019), Gerd Bucerius Eastern European Free Press Award (2019). Fr\u00e5n och med 2022 har ett \u00e4rende inletts i Ryssland mot Roman Dobrokhotov f\u00f6r att han olagligt passerat gr\u00e4nsen. Sj\u00e4lv \u00e4r han efterlyst.<\/p>\n<p>Hemsida: <a href=\"https:\/\/theins.ru\/en\" target=\"_blank\" rel=\"noreferrer noopener nofollow\">https:\/\/theins.ru\/en<\/a><\/p>\n\n\t\t<\/div>\n\t<\/div>\n<\/div><\/div><div class=\"vc_tta-panel vc_tta-accordion--logo vc_tta-accordion--istories\" id=\"1649338332150-a0170608-a763\" data-vc-content=\".vc_tta-panel-body\"><div class=\"vc_tta-panel-heading\"><h4 class=\"vc_tta-panel-title vc_tta-controls-icon-position-left\"><a href=\"#1649338332150-a0170608-a763\" data-vc-accordion data-vc-container=\".vc_tta-container\"><span class=\"vc_tta-title-text\">\u0412\u0430\u0436\u043d\u044b\u0435 \u0438\u0441\u0442\u043e\u0440\u0438\u0438<\/span><i class=\"vc_tta-controls-icon vc_tta-controls-icon-plus\"><\/i><\/a><\/h4><\/div><div class=\"vc_tta-panel-body\">\n\t<div class=\"wpb_text_column wpb_content_element\" >\n\t\t<div class=\"wpb_wrapper\">\n\t\t\t<p>En rysk onlinepublikation som specialiserat sig p\u00e5 unders\u00f6kande journalistik. Grundad 2020 av Roman Anin (tidigare specialkorrespondent f\u00f6r Novaya Gazetas utredningsavdelning) och Olesya Shmagun (en anst\u00e4lld vid <a title=\"Centrum f\u00f6r studier av korruption och organiserad brottslighet\" href=\"https:\/\/www.occrp.org\/en\/\" target=\"_blank\" rel=\"noreferrer noopener nofollow\">Centrum f\u00f6r studier av korruption och organiserad brottslighet<\/a>). De publicerade unders\u00f6kningarna \u00e4gnas \u00e5t olika \u00e4mnen, bland annat t\u00e4ckningen av korrupta system f\u00f6r att berika ryska tj\u00e4nstem\u00e4n, analysen av den ekonomiska nedg\u00e5ngen i Ryssland efter starten av kriget i Ukraina, sp\u00e5rningen av tillg\u00e5ngar fr\u00e5n ryssar med h\u00f6g status som var under sanktioner.<\/p>\n<p>Hemsida: <a href=\"https:\/\/istories.media\/\" target=\"_blank\" rel=\"noreferrer noopener nofollow\">https:\/\/istories.media\/<\/a><\/p>\n\n\t\t<\/div>\n\t<\/div>\n<\/div><\/div><div class=\"vc_tta-panel vc_tta-accordion--logo vc_tta-accordion--agents\" id=\"1649338392886-64731ad4-c9cb\" data-vc-content=\".vc_tta-panel-body\"><div class=\"vc_tta-panel-heading\"><h4 class=\"vc_tta-panel-title vc_tta-controls-icon-position-left\"><a href=\"#1649338392886-64731ad4-c9cb\" data-vc-accordion data-vc-container=\".vc_tta-container\"><span class=\"vc_tta-title-text\">Agenstvo<\/span><i class=\"vc_tta-controls-icon vc_tta-controls-icon-plus\"><\/i><\/a><\/h4><\/div><div class=\"vc_tta-panel-body\">\n\t<div class=\"wpb_text_column wpb_content_element\" >\n\t\t<div class=\"wpb_wrapper\">\n\t\t\t<p>Byr\u00e5 Rysk onlinepublikation grundad 2018 av Roman Badanin (tidigare chefredakt\u00f6r f\u00f6r RBC och chefredakt\u00f6r f\u00f6r TV-kanalen Dozhd). Byr\u00e5n unders\u00f6ker ryska tj\u00e4nstem\u00e4ns entrepren\u00f6riella verksamhet, Vladimir Putins korruptionsplaner, FSB:s h\u00f6gsta tj\u00e4nstem\u00e4n och stora f\u00f6retag som kontrolleras av dem, och skriver ocks\u00e5 om f\u00f6rf\u00f6ljelsen av oberoende journalister i Ryssland. Fram till 2021 fanns det under namnet <a title=\"&quot;Projekt&quot;\" href=\"https:\/\/www.proekt.media\/en\/home\/\" target=\"_blank\" rel=\"noreferrer noopener nofollow\">\"Projekt\"<\/a>, var tvungen att byta juridisk person p\u00e5 grund av f\u00f6rbudet mot att g\u00f6ra aff\u00e4rer i Ryssland. Fr\u00e5n och med 2022 har ett \u00e4rekr\u00e4nkningsfall inletts mot Roman Badanin och m\u00e5nga redakt\u00f6rer f\u00f6r publikationen har st\u00e4mplats av den ryska staten som utl\u00e4ndska agenter. I augusti 2020 fick publikationen Free Press of Eastern Europe-priset fr\u00e5n tyska Zeit-Stiftung Foundation och norska Fritt Ord \"f\u00f6r forskning om korruption och maktmissbruk.\"<\/p>\n<p>Hemsida: <a href=\"https:\/\/www.agents.media\/\" target=\"_blank\" rel=\"noreferrer noopener nofollow\">https:\/\/www.agents.media\/<\/a><\/p>\n\n\t\t<\/div>\n\t<\/div>\n<\/div><\/div><div class=\"vc_tta-panel vc_tta-accordion--logo vc_tta-accordion--popularpolitics\" id=\"1649338602857-dd522b7a-78eb\" data-vc-content=\".vc_tta-panel-body\"><div class=\"vc_tta-panel-heading\"><h4 class=\"vc_tta-panel-title vc_tta-controls-icon-position-left\"><a href=\"#1649338602857-dd522b7a-78eb\" data-vc-accordion data-vc-container=\".vc_tta-container\"><span class=\"vc_tta-title-text\">Populyarnaya Politika<\/span><i class=\"vc_tta-controls-icon vc_tta-controls-icon-plus\"><\/i><\/a><\/h4><\/div><div class=\"vc_tta-panel-body\">\n\t<div class=\"wpb_text_column wpb_content_element\" >\n\t\t<div class=\"wpb_wrapper\">\n\t\t\t<p>Ryskspr\u00e5kig YouTube-kanal, ett projekt fr\u00e5n <a title=\"FBK-teamet\" href=\"https:\/\/fbk.info\/\" target=\"_blank\" rel=\"noreferrer noopener nofollow\">FBK-teamet<\/a>, som ber\u00e4ttar sanningen om kriget som Putin startade mot Ukraina. Medlemmar av FBK-teamet genomf\u00f6r regelbundna intervjuer med v\u00e4lk\u00e4nda representanter f\u00f6r den ryska oppositionen, representanter f\u00f6r rysk vetenskap och kultur, utredare fr\u00e5n Bellingcat-teamet, analyserar vad som h\u00e4nder och f\u00f6ruts\u00e4ger framtiden.<\/p>\n<p>Hemsida: <a href=\"https:\/\/www.youtube.com\/@Popularpolitics\">https:\/\/www.youtube.com\/@Popularpolitics<\/a><\/p>\n\n\t\t<\/div>\n\t<\/div>\n<\/div><\/div><div class=\"vc_tta-panel vc_tta-accordion--logo vc_tta-accordion--currenttime\" id=\"1649338647313-5b9635cc-a652\" data-vc-content=\".vc_tta-panel-body\"><div class=\"vc_tta-panel-heading\"><h4 class=\"vc_tta-panel-title vc_tta-controls-icon-position-left\"><a href=\"#1649338647313-5b9635cc-a652\" data-vc-accordion data-vc-container=\".vc_tta-container\"><span class=\"vc_tta-title-text\">\u041d\u0430\u0441\u0442\u043e\u044f\u0449\u0435\u0435 \u0432\u0440\u0435\u043c\u044f<\/span><i class=\"vc_tta-controls-icon vc_tta-controls-icon-plus\"><\/i><\/a><\/h4><\/div><div class=\"vc_tta-panel-body\">\n\t<div class=\"wpb_text_column wpb_content_element\" >\n\t\t<div class=\"wpb_wrapper\">\n\t\t\t<p>Den ryskspr\u00e5kiga TV-kanalen, skapad av Radio Free Europe\/Radio Liberty Corporation med deltagande av Voice of America. Ligger i Prag.<\/p>\n<p>Hemsida: <a href=\"https:\/\/www.currenttime.tv\/\" target=\"_blank\" rel=\"noreferrer noopener nofollow\">https:\/\/www.currenttime.tv\/<\/a><\/p>\n\n\t\t<\/div>\n\t<\/div>\n<\/div><\/div><\/div><\/div><\/div><\/div><\/div><\/div><\/div><div class=\"wpb_column vc_column_container vc_col-sm-6\"><div class=\"vc_column-inner\"><div class=\"wpb_wrapper\">\n\t<div class=\"wpb_text_column wpb_content_element\" >\n\t\t<div class=\"wpb_wrapper\">\n\t\t\t<h4>M\u00e4nniskor\u00e4ttsprojekten<\/h4>\n\n\t\t<\/div>\n\t<\/div>\n<div class=\"vc_tta-container\" data-vc-action=\"collapse\"><div class=\"vc_general vc_tta vc_tta-accordion vc_tta-color-grey vc_tta-style-classic vc_tta-shape-rounded vc_tta-o-shape-group vc_tta-controls-align-left\"><div class=\"vc_tta-panels-container\"><div class=\"vc_tta-panels\"><div class=\"vc_tta-panel vc_active vc_tta-accordion--logo vc_tta-accordion--ovdinfo\" id=\"1649336796405-ee235b29-8b5f\" data-vc-content=\".vc_tta-panel-body\"><div class=\"vc_tta-panel-heading\"><h4 class=\"vc_tta-panel-title vc_tta-controls-icon-position-left\"><a href=\"#1649336796405-ee235b29-8b5f\" data-vc-accordion data-vc-container=\".vc_tta-container\"><span class=\"vc_tta-title-text\">OVD-Info<\/span><i class=\"vc_tta-controls-icon vc_tta-controls-icon-plus\"><\/i><\/a><\/h4><\/div><div class=\"vc_tta-panel-body\">\n\t<div class=\"wpb_text_column wpb_content_element\" >\n\t\t<div class=\"wpb_wrapper\">\n\t\t\t<p>Ett m\u00e4nniskor\u00e4ttsprojekt som syftar till att bek\u00e4mpa politisk f\u00f6rf\u00f6ljelse. OVD-Info-teamet \u00e4r engagerat i att tillhandah\u00e5lla juridisk hj\u00e4lp till f\u00e5ngar, \u00f6vervaka f\u00f6rf\u00f6ljelse och st\u00f6dja offer i fall av maktmissbruk av ryska poliser i f\u00f6rh\u00e5llande till f\u00e5ngar. Projektet \u00e4r unikt genom att det ger en m\u00f6jlighet att delta i sin verksamhet som volont\u00e4r. OVD-Info-volont\u00e4rer tillhandah\u00e5ller en hotline under massf\u00e4ngslanden, \u00f6vers\u00e4tter texter, transkriberar ljudinspelningar och hj\u00e4lper advokater och IT-specialister.<\/p>\n<p>Hemsida: <a href=\"https:\/\/ovdinfo.org\/\" target=\"_blank\" rel=\"noreferrer noopener nofollow\">https:\/\/ovdinfo.org\/<\/a><\/p>\n\n\t\t<\/div>\n\t<\/div>\n<\/div><\/div><div class=\"vc_tta-panel vc_tta-accordion--logo vc_tta-accordion--gulagunet\" id=\"1649336796419-db558341-4c48\" data-vc-content=\".vc_tta-panel-body\"><div class=\"vc_tta-panel-heading\"><h4 class=\"vc_tta-panel-title vc_tta-controls-icon-position-left\"><a href=\"#1649336796419-db558341-4c48\" data-vc-accordion data-vc-container=\".vc_tta-container\"><span class=\"vc_tta-title-text\">GULAGU.NET<\/span><i class=\"vc_tta-controls-icon vc_tta-controls-icon-plus\"><\/i><\/a><\/h4><\/div><div class=\"vc_tta-panel-body\">\n\t<div class=\"wpb_text_column wpb_content_element\" >\n\t\t<div class=\"wpb_wrapper\">\n\t\t\t<p>Ett ryskt offentligt projekt skapat av m\u00e4nniskor\u00e4ttsaktivisten Vladimir Osechkin 2011, vars huvudsakliga verksamhet \u00e4r att bek\u00e4mpa tortyr och korruption i det ryska kriminalv\u00e5rdssystemet och skydda r\u00e4ttigheterna f\u00f6r f\u00e5ngar i ryska kriminalv\u00e5rdsinstitutioner.<\/p>\n<p>Hemsida: <a href=\"https:\/\/gulagu.net\/\">https:\/\/gulagu.net\/<\/a><\/p>\n\n\t\t<\/div>\n\t<\/div>\n<\/div><\/div><div class=\"vc_tta-panel vc_tta-accordion--logo vc_tta-accordion--zekovnet\" id=\"1649338745409-1e4ae231-5087\" data-vc-content=\".vc_tta-panel-body\"><div class=\"vc_tta-panel-heading\"><h4 class=\"vc_tta-panel-title vc_tta-controls-icon-position-left\"><a href=\"#1649338745409-1e4ae231-5087\" data-vc-accordion data-vc-container=\".vc_tta-container\"><span class=\"vc_tta-title-text\">\u0420\u0443\u0441\u044c \u0421\u0438\u0434\u044f\u0449\u0430\u044f<\/span><i class=\"vc_tta-controls-icon vc_tta-controls-icon-plus\"><\/i><\/a><\/h4><\/div><div class=\"vc_tta-panel-body\">\n\t<div class=\"wpb_text_column wpb_content_element\" >\n\t\t<div class=\"wpb_wrapper\">\n\t\t\t<p>Rus Sidyashaya. En rysk offentlig organisation vars m\u00e5l \u00e4r juridiskt och humanit\u00e4rt bist\u00e5nd till medborgare som st\u00e4lls inf\u00f6r en kr\u00e4nkning av sina r\u00e4ttigheter av de utredande myndigheterna och kriminalv\u00e5rdssystemet. Stiftelsens jurister f\u00f6rsvarar m\u00e4nniskor i domstolar, hj\u00e4lper till att l\u00e4mna in klagom\u00e5l och ger juridisk r\u00e5dgivning. Stiftelsen samlar ocks\u00e5 in och skickar paket till kolonier och f\u00f6runders\u00f6kningsanstalter, samlar in saker till s\u00e4rskilda internatskolor och tillhandah\u00e5ller humanit\u00e4rt bist\u00e5nd till f\u00e5ngars familjer.<\/p>\n<p>Hemsida: <a href=\"https:\/\/zekovnet.ru\/\">https:\/\/zekovnet.ru\/<\/a><\/p>\n\n\t\t<\/div>\n\t<\/div>\n<\/div><\/div><div class=\"vc_tta-panel vc_tta-accordion--logo vc_tta-accordion--vesna\" id=\"1649338851395-7a432c4c-411f\" data-vc-content=\".vc_tta-panel-body\"><div class=\"vc_tta-panel-heading\"><h4 class=\"vc_tta-panel-title vc_tta-controls-icon-position-left\"><a href=\"#1649338851395-7a432c4c-411f\" data-vc-accordion data-vc-container=\".vc_tta-container\"><span class=\"vc_tta-title-text\">\u0414\u0432\u0438\u0436\u0435\u043d\u0438\u0435 \u201c\u0412\u0435\u0441\u043d\u0430\u201d<\/span><i class=\"vc_tta-controls-icon vc_tta-controls-icon-plus\"><\/i><\/a><\/h4><\/div><div class=\"vc_tta-panel-body\">\n\t<div class=\"wpb_text_column wpb_content_element\" >\n\t\t<div class=\"wpb_wrapper\">\n\t\t\t<p>R\u00f6relsen \u201cVesna\u201d. En r\u00f6relse av ryska medborgare f\u00f6renade av v\u00e4rderingarna om frihet och j\u00e4mlikhet. Grundades i Sankt Petersburg 2014. R\u00f6relsens m\u00e5l \u00e4r att f\u00f6r\u00e4ndra den korrupta regimen i Ryssland, och att bygga ett system baserat p\u00e5 demokrati och m\u00e4nskliga r\u00e4ttigheter. Medlemmar av r\u00f6relsen deltar i olika upptr\u00e4danden och protester.<\/p>\n<p>Hemsida: <a href=\"https:\/\/vesna.democrat\/\">https:\/\/vesna.democrat\/<\/a><\/p>\n\n\t\t<\/div>\n\t<\/div>\n<\/div><\/div><div class=\"vc_tta-panel vc_tta-accordion--logo vc_tta-accordion--agora\" id=\"1649338884348-18a242c4-6e61\" data-vc-content=\".vc_tta-panel-body\"><div class=\"vc_tta-panel-heading\"><h4 class=\"vc_tta-panel-title vc_tta-controls-icon-position-left\"><a href=\"#1649338884348-18a242c4-6e61\" data-vc-accordion data-vc-container=\".vc_tta-container\"><span class=\"vc_tta-title-text\">\u041c\u0435\u0436\u0434\u0443\u043d\u0430\u0440\u043e\u0434\u043d\u0430\u044f \u043f\u0440\u0430\u0432\u043e\u0437\u0430\u0449\u0438\u0442\u043d\u0430\u044f \u0433\u0440\u0443\u043f\u043f\u0430 \u0410\u0433\u043e\u0440\u0430<\/span><i class=\"vc_tta-controls-icon vc_tta-controls-icon-plus\"><\/i><\/a><\/h4><\/div><div class=\"vc_tta-panel-body\">\n\t<div class=\"wpb_text_column wpb_content_element\" >\n\t\t<div class=\"wpb_wrapper\">\n\t\t\t<p>En sammanslutning av jurister och m\u00e4nniskor\u00e4ttsadvokater i Ryssland som arbetar med uppm\u00e4rksammade fall av kr\u00e4nkningar av m\u00e4nskliga r\u00e4ttigheter. Gruppen har ingen gemensam finansiering, varje advokat har sina egna k\u00e4llor. Mottagare av Professor Thorolf Raftos minnespris (2014) och Sjur Lindebr\u00e6kke-priset (2017).<\/p>\n<p>Hemsida: <a href=\"https:\/\/agora.legal\/\" target=\"_blank\" rel=\"noreferrer noopener nofollow\">https:\/\/agora.legal\/<\/a><\/p>\n\n\t\t<\/div>\n\t<\/div>\n<\/div><\/div><div class=\"vc_tta-panel vc_tta-accordion--logo vc_tta-accordion--apologia\" id=\"1649338930661-5e5b0bba-8470\" data-vc-content=\".vc_tta-panel-body\"><div class=\"vc_tta-panel-heading\"><h4 class=\"vc_tta-panel-title vc_tta-controls-icon-position-left\"><a href=\"#1649338930661-5e5b0bba-8470\" data-vc-accordion data-vc-container=\".vc_tta-container\"><span class=\"vc_tta-title-text\">Apologia Protesta<\/span><i class=\"vc_tta-controls-icon vc_tta-controls-icon-plus\"><\/i><\/a><\/h4><\/div><div class=\"vc_tta-panel-body\">\n\t<div class=\"wpb_text_column wpb_content_element\" >\n\t\t<div class=\"wpb_wrapper\">\n\t\t\t<p>En rysk m\u00e4nniskor\u00e4ttsorganisation som ger juridisk hj\u00e4lp till f\u00e5ngar vid demonstrationer. M\u00e4nniskor\u00e4ttsgruppen Agoras projekt. Organisationens advokater tillhandah\u00e5ller gratis juridisk hj\u00e4lp i fall av kr\u00e4nkningar av m\u00e4nskliga r\u00e4ttigheter: de kommer till polisavdelningar, f\u00f6rsvarar b\u00e5de i brottm\u00e5l och fall av administrativa brott, f\u00f6retr\u00e4der intressen i civila och administrativa m\u00e5l och f\u00f6r \u00e4ven m\u00e5l i Europeiska domstolen f\u00f6r M\u00e4nskliga r\u00e4ttigheter.<\/p>\n<p>Hemsida: <a href=\"https:\/\/apologia.pro\/\">https:\/\/apologia.pro\/<\/a><\/p>\n\n\t\t<\/div>\n\t<\/div>\n<\/div><\/div><div class=\"vc_tta-panel vc_tta-accordion--logo vc_tta-accordion--kovcheg\" id=\"1649338967263-c75f704a-ea28\" data-vc-content=\".vc_tta-panel-body\"><div class=\"vc_tta-panel-heading\"><h4 class=\"vc_tta-panel-title vc_tta-controls-icon-position-left\"><a href=\"#1649338967263-c75f704a-ea28\" data-vc-accordion data-vc-container=\".vc_tta-container\"><span class=\"vc_tta-title-text\">Kovcheg<\/span><i class=\"vc_tta-controls-icon vc_tta-controls-icon-plus\"><\/i><\/a><\/h4><\/div><div class=\"vc_tta-panel-body\">\n\t<div class=\"wpb_text_column wpb_content_element\" >\n\t\t<div class=\"wpb_wrapper\">\n\t\t\t<p>Ger assistans vid omplacering till ryska emigranter som f\u00f6rd\u00f6mer milit\u00e4r aggression mot Ukraina och inte ser en m\u00f6jlighet f\u00f6r sig att leva kvar i Putins Ryssland.<\/p>\n<p>Hemsida: <a href=\"https:\/\/kovcheg.live\">https:\/\/kovcheg.live<\/a><\/p>\n\n\t\t<\/div>\n\t<\/div>\n<\/div><\/div><div class=\"vc_tta-panel vc_tta-accordion--logo vc_tta-accordion--roskomsvoboda\" id=\"1649338983715-619fd191-612e\" data-vc-content=\".vc_tta-panel-body\"><div class=\"vc_tta-panel-heading\"><h4 class=\"vc_tta-panel-title vc_tta-controls-icon-position-left\"><a href=\"#1649338983715-619fd191-612e\" data-vc-accordion data-vc-container=\".vc_tta-container\"><span class=\"vc_tta-title-text\">Roskomsvoboda<\/span><i class=\"vc_tta-controls-icon vc_tta-controls-icon-plus\"><\/i><\/a><\/h4><\/div><div class=\"vc_tta-panel-body\">\n\t<div class=\"wpb_text_column wpb_content_element\" >\n\t\t<div class=\"wpb_wrapper\">\n\t\t\t<p>En rysk offentlig organisation vars verksamhet syftar till att skydda friheten att sprida information i det ryska segmentet av Internet. Offentliga f\u00f6retag i Roskomsvoboda syftar till att informera ryska medborgare om kr\u00e4nkningen av deras digitala r\u00e4ttigheter och f\u00f6rena m\u00e4nniskor f\u00f6r att k\u00e4mpa f\u00f6r deras intressen. En annan viktig aktivitet f\u00f6r organisationen \u00e4r utvecklingen av sina egna l\u00f6sningar f\u00f6r att motverka begr\u00e4nsningen av tillg\u00e5ngen till information av ryska statliga organ.<\/p>\n<p>Hemsida: <a href=\"https:\/\/roskomsvoboda.org\/about\/en\/\" target=\"_blank\" rel=\"noreferrer noopener nofollow\">https:\/\/roskomsvoboda.org\/about\/en\/<\/a><\/p>\n\n\t\t<\/div>\n\t<\/div>\n<\/div><\/div><\/div><\/div><\/div><\/div><\/div><\/div><\/div><\/div><\/div><\/div>","protected":false},"excerpt":{"rendered":"\u041d\u0435\u0437\u0430\u0432\u0438\u0441\u0438\u043c\u044b\u0435 \u0421\u041c\u0418 \u041d\u043e\u0432\u0430\u044f \u0433\u0430\u0437\u0435\u0442\u0430 \u0421\u0442\u0430\u0440\u0435\u0439\u0448\u0430\u044f \u0432 \u0420\u0424 \u043d\u0435\u0437\u0430\u0432\u0438\u0441\u0438\u043c\u0430\u044f \u0433\u0430\u0437\u0435\u0442\u0430, \u0437\u0430\u043d\u0438\u043c\u0430\u044e\u0449\u0430\u044f\u0441\u044f \u0436\u0443\u0440\u043d\u0430\u043b\u0438\u0441\u0442\u0441\u043a\u0438\u043c\u0438 \u0440\u0430\u0441\u0441\u043b\u0435\u0434\u043e\u0432\u0430\u043d\u0438\u044f\u043c\u0438 \u0438 \u0438\u0437\u0432\u0435\u0441\u0442\u043d\u0430\u044f \u0441\u0432\u043e\u0435\u0439 \u0434\u0435\u043c\u043e\u043a\u0440\u0430\u0442\u0438\u0447\u0435\u0441\u043a\u043e\u0439 \u043d\u0430\u043f\u0440\u0430\u0432\u043b\u0435\u043d\u043d\u043e\u0441\u0442\u044c\u044e. \u041e\u0434\u043d\u043e \u0438\u0437 \u043f\u043e\u0441\u043b\u0435\u0434\u043d\u0438\u0445 \u043e\u043f\u043f\u043e\u0437\u0438\u0446\u0438\u043e\u043d\u043d\u044b\u0445 \u0438\u0437\u0434\u0430\u043d\u0438\u0439, \u0440\u0435\u0434\u0430\u043a\u0446\u0438\u044f \u043a\u043e\u0442\u043e\u0440\u043e\u0433\u043e \u0444\u0438\u0437\u0438\u0447\u0435\u0441\u043a\u0438 \u043d\u0430\u0445\u043e\u0434\u0438\u0442\u0441\u044f \u0432 \u0420\u043e\u0441\u0441\u0438\u0438. \u0412 2021 [...]","protected":false},"author":3,"featured_media":0,"parent":0,"menu_order":0,"comment_status":"closed","ping_status":"closed","template":"template-homepage.php","meta":{"_mi_skip_tracking":false,"_monsterinsights_sitenote_active":false,"_monsterinsights_sitenote_note":"","_monsterinsights_sitenote_category":0,"footnotes":""},"class_list":["post-2099","page","type-page","status-publish","hentry"],"aioseo_notices":[],"_links":{"self":[{"href":"https:\/\/www.russiansagainstthewar.se\/sv\/wp-json\/wp\/v2\/pages\/2099","targetHints":{"allow":["GET"]}}],"collection":[{"href":"https:\/\/www.russiansagainstthewar.se\/sv\/wp-json\/wp\/v2\/pages"}],"about":[{"href":"https:\/\/www.russiansagainstthewar.se\/sv\/wp-json\/wp\/v2\/types\/page"}],"author":[{"embeddable":true,"href":"https:\/\/www.russiansagainstthewar.se\/sv\/wp-json\/wp\/v2\/users\/3"}],"replies":[{"embeddable":true,"href":"https:\/\/www.russiansagainstthewar.se\/sv\/wp-json\/wp\/v2\/comments?post=2099"}],"version-history":[{"count":20,"href":"https:\/\/www.russiansagainstthewar.se\/sv\/wp-json\/wp\/v2\/pages\/2099\/revisions"}],"predecessor-version":[{"id":3297,"href":"https:\/\/www.russiansagainstthewar.se\/sv\/wp-json\/wp\/v2\/pages\/2099\/revisions\/3297"}],"wp:attachment":[{"href":"https:\/\/www.russiansagainstthewar.se\/sv\/wp-json\/wp\/v2\/media?parent=2099"}],"curies":[{"name":"wp","href":"https:\/\/api.w.org\/{rel}","templated":true}]}}